{"id":3775,"date":"2023-07-01T18:45:49","date_gmt":"2023-07-01T16:45:49","guid":{"rendered":"https:\/\/www.sonnia.it\/produkt\/ibiza-earrings\/"},"modified":"2025-06-02T12:08:57","modified_gmt":"2025-06-02T10:08:57","slug":"ibiza-earring-10","status":"publish","type":"product","link":"https:\/\/www.sonnia.it\/en\/product\/ibiza-earring-10\/","title":{"rendered":"Earrings IBIZA"},"content":{"rendered":"","protected":false},"excerpt":{"rendered":"<p>Australian shell pearls<\/p>\n<p>Sterlin silver, satin finish<\/p>\n<p>Length 4 cm | 1.5 in<\/p>\n","protected":false},"featured_media":6961,"template":"","meta":{"_uag_custom_page_level_css":""},"product_brand":[],"product_cat":[95,102,89,242],"product_tag":[],"class_list":{"0":"post-3775","1":"product","2":"type-product","3":"status-publish","4":"has-post-thumbnail","6":"product_cat-nicht-auf-startseite-en","7":"product_cat-the-exclusive-pearl-jewelry-collection-from-sonnia","8":"product_cat-unkategorisiert-en","9":"product_cat-summer-winter","11":"first","12":"instock","13":"taxable","14":"shipping-taxable","15":"purchasable","16":"product-type-simple"},"yoast_head":"<!-- This site is optimized with the Yoast SEO Premium plugin v27.5 (Yoast SEO v27.5) - https:\/\/yoast.com\/product\/yoast-seo-premium-wordpress\/ -->\n<title>Earrings IBIZA - SONNIA Jewellery Design<\/title>\n<meta name=\"robots\" content=\"index, follow, max-snippet:-1, max-image-preview:large, max-video-preview:-1\" \/>\n<link rel=\"canonical\" href=\"https:\/\/www.sonnia.it\/en\/product\/ibiza-earring-10\/\" \/>\n<meta property=\"og:locale\" content=\"en_US\" \/>\n<meta property=\"og:type\" content=\"article\" \/>\n<meta property=\"og:title\" content=\"Earrings IBIZA - SONNIA Jewellery Design\" \/>\n<meta property=\"og:description\" content=\"Australian shell pearls  Sterlin silver, satin finish  Length 4 cm | 1.5 in\" \/>\n<meta property=\"og:url\" content=\"https:\/\/www.sonnia.it\/en\/product\/ibiza-earring-10\/\" \/>\n<meta property=\"og:site_name\" content=\"SONNIA Jewellery Design\" \/>\n<meta property=\"article:publisher\" content=\"https:\/\/www.facebook.com\/sonnia.jewellery\" \/>\n<meta property=\"article:modified_time\" content=\"2025-06-02T10:08:57+00:00\" \/>\n<meta property=\"og:image\" content=\"https:\/\/www.sonnia.it\/wp-content\/uploads\/2023\/07\/O1197_Ibiza_015-1-scaled.jpg\" \/>\n\t<meta property=\"og:image:width\" content=\"2048\" \/>\n\t<meta property=\"og:image:height\" content=\"2560\" \/>\n\t<meta property=\"og:image:type\" content=\"image\/jpeg\" \/>\n<meta name=\"twitter:card\" content=\"summary_large_image\" \/>\n<meta name=\"twitter:label1\" content=\"Est. reading time\" \/>\n\t<meta name=\"twitter:data1\" content=\"1 minute\" \/>\n<script type=\"application\/ld+json\" class=\"yoast-schema-graph\">{\"@context\":\"https:\\\/\\\/schema.org\",\"@graph\":[{\"@type\":\"WebPage\",\"@id\":\"https:\\\/\\\/www.sonnia.it\\\/en\\\/product\\\/ibiza-earring-10\\\/\",\"url\":\"https:\\\/\\\/www.sonnia.it\\\/en\\\/product\\\/ibiza-earring-10\\\/\",\"name\":\"Earrings IBIZA - SONNIA Jewellery Design\",\"isPartOf\":{\"@id\":\"https:\\\/\\\/www.sonnia.it\\\/en\\\/#website\"},\"primaryImageOfPage\":{\"@id\":\"https:\\\/\\\/www.sonnia.it\\\/en\\\/product\\\/ibiza-earring-10\\\/#primaryimage\"},\"image\":{\"@id\":\"https:\\\/\\\/www.sonnia.it\\\/en\\\/product\\\/ibiza-earring-10\\\/#primaryimage\"},\"thumbnailUrl\":\"https:\\\/\\\/www.sonnia.it\\\/wp-content\\\/uploads\\\/2023\\\/07\\\/O1197_Ibiza_015-1-scaled.jpg\",\"datePublished\":\"2023-07-01T16:45:49+00:00\",\"dateModified\":\"2025-06-02T10:08:57+00:00\",\"breadcrumb\":{\"@id\":\"https:\\\/\\\/www.sonnia.it\\\/en\\\/product\\\/ibiza-earring-10\\\/#breadcrumb\"},\"inLanguage\":\"en-US\",\"potentialAction\":[{\"@type\":\"ReadAction\",\"target\":[\"https:\\\/\\\/www.sonnia.it\\\/en\\\/product\\\/ibiza-earring-10\\\/\"]}]},{\"@type\":\"ImageObject\",\"inLanguage\":\"en-US\",\"@id\":\"https:\\\/\\\/www.sonnia.it\\\/en\\\/product\\\/ibiza-earring-10\\\/#primaryimage\",\"url\":\"https:\\\/\\\/www.sonnia.it\\\/wp-content\\\/uploads\\\/2023\\\/07\\\/O1197_Ibiza_015-1-scaled.jpg\",\"contentUrl\":\"https:\\\/\\\/www.sonnia.it\\\/wp-content\\\/uploads\\\/2023\\\/07\\\/O1197_Ibiza_015-1-scaled.jpg\",\"width\":2048,\"height\":2560},{\"@type\":\"BreadcrumbList\",\"@id\":\"https:\\\/\\\/www.sonnia.it\\\/en\\\/product\\\/ibiza-earring-10\\\/#breadcrumb\",\"itemListElement\":[{\"@type\":\"ListItem\",\"position\":1,\"name\":\"Shop\",\"item\":\"https:\\\/\\\/www.sonnia.it\\\/en\\\/\"},{\"@type\":\"ListItem\",\"position\":2,\"name\":\"Earrings IBIZA\"}]},{\"@type\":\"WebSite\",\"@id\":\"https:\\\/\\\/www.sonnia.it\\\/en\\\/#website\",\"url\":\"https:\\\/\\\/www.sonnia.it\\\/en\\\/\",\"name\":\"SONNIA Jewellery Design\",\"description\":\"Edle Unikate - stilvoll individuell ausdrucksstark\",\"publisher\":{\"@id\":\"https:\\\/\\\/www.sonnia.it\\\/en\\\/#organization\"},\"alternateName\":\"Schmuckmanufaktur SONNIA\",\"potentialAction\":[{\"@type\":\"SearchAction\",\"target\":{\"@type\":\"EntryPoint\",\"urlTemplate\":\"https:\\\/\\\/www.sonnia.it\\\/en\\\/?s={search_term_string}\"},\"query-input\":{\"@type\":\"PropertyValueSpecification\",\"valueRequired\":true,\"valueName\":\"search_term_string\"}}],\"inLanguage\":\"en-US\"},{\"@type\":[\"Organization\",\"Place\",\"JewelryStore\"],\"@id\":\"https:\\\/\\\/www.sonnia.it\\\/en\\\/#organization\",\"name\":\"Sonnia Jewellery Design\",\"alternateName\":\"Schmuckmanufaktur Sonnia\",\"url\":\"https:\\\/\\\/www.sonnia.it\\\/en\\\/\",\"logo\":{\"@id\":\"https:\\\/\\\/www.sonnia.it\\\/en\\\/product\\\/ibiza-earring-10\\\/#local-main-organization-logo\"},\"image\":{\"@id\":\"https:\\\/\\\/www.sonnia.it\\\/en\\\/product\\\/ibiza-earring-10\\\/#local-main-organization-logo\"},\"sameAs\":[\"https:\\\/\\\/www.facebook.com\\\/sonnia.jewellery\",\"https:\\\/\\\/www.instagram.com\\\/sonnia_jewellery_design\"],\"description\":\"Sonnia ist auf hochwertigen Schmuck aus Muscheln, Korallen, Perlen und Edelsteinen spezialisiert. Die Materialien werden sorgf\u00e4ltig ausgew\u00e4hlt und verarbeitet, um zeitloses Design mit moderner Gestaltung zu verbinden. Die Marke positioniert sich im Premiumsegment und richtet sich an Kund:innen, die Authentizit\u00e4t, Exklusivit\u00e4t und nachhaltige Materialauswahl sch\u00e4tzen. Eine starke Online-Pr\u00e4senz erm\u00f6glicht den Zugang zu einem internationalen Publikum.\",\"address\":{\"@id\":\"https:\\\/\\\/www.sonnia.it\\\/en\\\/product\\\/ibiza-earring-10\\\/#local-main-place-address\"},\"telephone\":[],\"openingHoursSpecification\":[{\"@type\":\"OpeningHoursSpecification\",\"dayOfWeek\":[\"Monday\",\"Tuesday\",\"Wednesday\",\"Thursday\",\"Friday\",\"Saturday\",\"Sunday\"],\"opens\":\"09:00\",\"closes\":\"17:00\"}]},{\"@type\":\"PostalAddress\",\"@id\":\"https:\\\/\\\/www.sonnia.it\\\/en\\\/product\\\/ibiza-earring-10\\\/#local-main-place-address\",\"streetAddress\":\"Verdistra\u00dfe, 31\\\/B\",\"addressLocality\":\"Merano\",\"postalCode\":\"39012\",\"addressRegion\":\"Autonome Provinz Bozen - S\u00fcdtirol\",\"addressCountry\":\"IT\"},{\"@type\":\"ImageObject\",\"inLanguage\":\"en-US\",\"@id\":\"https:\\\/\\\/www.sonnia.it\\\/en\\\/product\\\/ibiza-earring-10\\\/#local-main-organization-logo\",\"url\":\"https:\\\/\\\/www.sonnia.it\\\/wp-content\\\/uploads\\\/2025\\\/09\\\/LOGO-1.jpg\",\"contentUrl\":\"https:\\\/\\\/www.sonnia.it\\\/wp-content\\\/uploads\\\/2025\\\/09\\\/LOGO-1.jpg\",\"width\":771,\"height\":1182,\"caption\":\"Sonnia Jewellery Design\"}]}<\/script>\n<meta name=\"geo.placename\" content=\"Merano\" \/>\n<meta name=\"geo.region\" content=\"Italy\" \/>\n<!-- \/ Yoast SEO Premium plugin. -->","yoast_head_json":{"title":"Earrings IBIZA - SONNIA Jewellery Design","robots":{"index":"index","follow":"follow","max-snippet":"max-snippet:-1","max-image-preview":"max-image-preview:large","max-video-preview":"max-video-preview:-1"},"canonical":"https:\/\/www.sonnia.it\/en\/product\/ibiza-earring-10\/","og_locale":"en_US","og_type":"article","og_title":"Earrings IBIZA - SONNIA Jewellery Design","og_description":"Australian shell pearls  Sterlin silver, satin finish  Length 4 cm | 1.5 in","og_url":"https:\/\/www.sonnia.it\/en\/product\/ibiza-earring-10\/","og_site_name":"SONNIA Jewellery Design","article_publisher":"https:\/\/www.facebook.com\/sonnia.jewellery","article_modified_time":"2025-06-02T10:08:57+00:00","og_image":[{"width":2048,"height":2560,"url":"https:\/\/www.sonnia.it\/wp-content\/uploads\/2023\/07\/O1197_Ibiza_015-1-scaled.jpg","type":"image\/jpeg"}],"twitter_card":"summary_large_image","twitter_misc":{"Est. reading time":"1 minute"},"schema":{"@context":"https:\/\/schema.org","@graph":[{"@type":"WebPage","@id":"https:\/\/www.sonnia.it\/en\/product\/ibiza-earring-10\/","url":"https:\/\/www.sonnia.it\/en\/product\/ibiza-earring-10\/","name":"Earrings IBIZA - SONNIA Jewellery Design","isPartOf":{"@id":"https:\/\/www.sonnia.it\/en\/#website"},"primaryImageOfPage":{"@id":"https:\/\/www.sonnia.it\/en\/product\/ibiza-earring-10\/#primaryimage"},"image":{"@id":"https:\/\/www.sonnia.it\/en\/product\/ibiza-earring-10\/#primaryimage"},"thumbnailUrl":"https:\/\/www.sonnia.it\/wp-content\/uploads\/2023\/07\/O1197_Ibiza_015-1-scaled.jpg","datePublished":"2023-07-01T16:45:49+00:00","dateModified":"2025-06-02T10:08:57+00:00","breadcrumb":{"@id":"https:\/\/www.sonnia.it\/en\/product\/ibiza-earring-10\/#breadcrumb"},"inLanguage":"en-US","potentialAction":[{"@type":"ReadAction","target":["https:\/\/www.sonnia.it\/en\/product\/ibiza-earring-10\/"]}]},{"@type":"ImageObject","inLanguage":"en-US","@id":"https:\/\/www.sonnia.it\/en\/product\/ibiza-earring-10\/#primaryimage","url":"https:\/\/www.sonnia.it\/wp-content\/uploads\/2023\/07\/O1197_Ibiza_015-1-scaled.jpg","contentUrl":"https:\/\/www.sonnia.it\/wp-content\/uploads\/2023\/07\/O1197_Ibiza_015-1-scaled.jpg","width":2048,"height":2560},{"@type":"BreadcrumbList","@id":"https:\/\/www.sonnia.it\/en\/product\/ibiza-earring-10\/#breadcrumb","itemListElement":[{"@type":"ListItem","position":1,"name":"Shop","item":"https:\/\/www.sonnia.it\/en\/"},{"@type":"ListItem","position":2,"name":"Earrings IBIZA"}]},{"@type":"WebSite","@id":"https:\/\/www.sonnia.it\/en\/#website","url":"https:\/\/www.sonnia.it\/en\/","name":"SONNIA Jewellery Design","description":"Edle Unikate - stilvoll individuell ausdrucksstark","publisher":{"@id":"https:\/\/www.sonnia.it\/en\/#organization"},"alternateName":"Schmuckmanufaktur SONNIA","potentialAction":[{"@type":"SearchAction","target":{"@type":"EntryPoint","urlTemplate":"https:\/\/www.sonnia.it\/en\/?s={search_term_string}"},"query-input":{"@type":"PropertyValueSpecification","valueRequired":true,"valueName":"search_term_string"}}],"inLanguage":"en-US"},{"@type":["Organization","Place","JewelryStore"],"@id":"https:\/\/www.sonnia.it\/en\/#organization","name":"Sonnia Jewellery Design","alternateName":"Schmuckmanufaktur Sonnia","url":"https:\/\/www.sonnia.it\/en\/","logo":{"@id":"https:\/\/www.sonnia.it\/en\/product\/ibiza-earring-10\/#local-main-organization-logo"},"image":{"@id":"https:\/\/www.sonnia.it\/en\/product\/ibiza-earring-10\/#local-main-organization-logo"},"sameAs":["https:\/\/www.facebook.com\/sonnia.jewellery","https:\/\/www.instagram.com\/sonnia_jewellery_design"],"description":"Sonnia ist auf hochwertigen Schmuck aus Muscheln, Korallen, Perlen und Edelsteinen spezialisiert. Die Materialien werden sorgf\u00e4ltig ausgew\u00e4hlt und verarbeitet, um zeitloses Design mit moderner Gestaltung zu verbinden. Die Marke positioniert sich im Premiumsegment und richtet sich an Kund:innen, die Authentizit\u00e4t, Exklusivit\u00e4t und nachhaltige Materialauswahl sch\u00e4tzen. Eine starke Online-Pr\u00e4senz erm\u00f6glicht den Zugang zu einem internationalen Publikum.","address":{"@id":"https:\/\/www.sonnia.it\/en\/product\/ibiza-earring-10\/#local-main-place-address"},"telephone":[],"openingHoursSpecification":[{"@type":"OpeningHoursSpecification","dayOfWeek":["Monday","Tuesday","Wednesday","Thursday","Friday","Saturday","Sunday"],"opens":"09:00","closes":"17:00"}]},{"@type":"PostalAddress","@id":"https:\/\/www.sonnia.it\/en\/product\/ibiza-earring-10\/#local-main-place-address","streetAddress":"Verdistra\u00dfe, 31\/B","addressLocality":"Merano","postalCode":"39012","addressRegion":"Autonome Provinz Bozen - S\u00fcdtirol","addressCountry":"IT"},{"@type":"ImageObject","inLanguage":"en-US","@id":"https:\/\/www.sonnia.it\/en\/product\/ibiza-earring-10\/#local-main-organization-logo","url":"https:\/\/www.sonnia.it\/wp-content\/uploads\/2025\/09\/LOGO-1.jpg","contentUrl":"https:\/\/www.sonnia.it\/wp-content\/uploads\/2025\/09\/LOGO-1.jpg","width":771,"height":1182,"caption":"Sonnia Jewellery Design"}]},"geo.placename":"Merano","geo.region":"Italy"},"uagb_featured_image_src":{"full":["https:\/\/www.sonnia.it\/wp-content\/uploads\/2023\/07\/O1197_Ibiza_015-1-scaled.jpg",2048,2560,false],"thumbnail":["https:\/\/www.sonnia.it\/wp-content\/uploads\/2023\/07\/O1197_Ibiza_015-1-200x200.jpg",200,200,true],"medium":["https:\/\/www.sonnia.it\/wp-content\/uploads\/2023\/07\/O1197_Ibiza_015-1-819x1024.jpg",819,1024,true],"medium_large":["https:\/\/www.sonnia.it\/wp-content\/uploads\/2023\/07\/O1197_Ibiza_015-1-768x960.jpg",768,960,true],"large":["https:\/\/www.sonnia.it\/wp-content\/uploads\/2023\/07\/O1197_Ibiza_015-1-1536x1920.jpg",980,1225,true],"1536x1536":["https:\/\/www.sonnia.it\/wp-content\/uploads\/2023\/07\/O1197_Ibiza_015-1-1229x1536.jpg",1229,1536,true],"2048x2048":["https:\/\/www.sonnia.it\/wp-content\/uploads\/2023\/07\/O1197_Ibiza_015-1-1638x2048.jpg",1638,2048,true],"woocommerce_thumbnail":["https:\/\/www.sonnia.it\/wp-content\/uploads\/2023\/07\/O1197_Ibiza_015-1-scaled-1024x1280.jpg",1024,1280,true],"woocommerce_single":["https:\/\/www.sonnia.it\/wp-content\/uploads\/2023\/07\/O1197_Ibiza_015-1-scaled-1200x1500.jpg",1200,1500,true],"woocommerce_gallery_thumbnail":["https:\/\/www.sonnia.it\/wp-content\/uploads\/2023\/07\/O1197_Ibiza_015-1-scaled-100x100.jpg",100,100,true],"variation_swatches_image_size":["https:\/\/www.sonnia.it\/wp-content\/uploads\/2023\/07\/O1197_Ibiza_015-1-scaled.jpg",40,50,false],"variation_swatches_tooltip_size":["https:\/\/www.sonnia.it\/wp-content\/uploads\/2023\/07\/O1197_Ibiza_015-1-scaled.jpg",80,100,false]},"uagb_author_info":{"display_name":"Sonnia Dettmer","author_link":"https:\/\/www.sonnia.it\/en\/schmuck\/design\/author\/"},"uagb_comment_info":0,"uagb_excerpt":"Australian shell pearls Sterlin silver, satin finish Length 4 cm | 1.5 in","_links":{"self":[{"href":"https:\/\/www.sonnia.it\/en\/wp-json\/wp\/v2\/product\/3775","targetHints":{"allow":["GET"]}}],"collection":[{"href":"https:\/\/www.sonnia.it\/en\/wp-json\/wp\/v2\/product"}],"about":[{"href":"https:\/\/www.sonnia.it\/en\/wp-json\/wp\/v2\/types\/product"}],"wp:featuredmedia":[{"embeddable":true,"href":"https:\/\/www.sonnia.it\/en\/wp-json\/wp\/v2\/media\/6961"}],"wp:attachment":[{"href":"https:\/\/www.sonnia.it\/en\/wp-json\/wp\/v2\/media?parent=3775"}],"wp:term":[{"taxonomy":"product_brand","embeddable":true,"href":"https:\/\/www.sonnia.it\/en\/wp-json\/wp\/v2\/product_brand?post=3775"},{"taxonomy":"product_cat","embeddable":true,"href":"https:\/\/www.sonnia.it\/en\/wp-json\/wp\/v2\/product_cat?post=3775"},{"taxonomy":"product_tag","embeddable":true,"href":"https:\/\/www.sonnia.it\/en\/wp-json\/wp\/v2\/product_tag?post=3775"}],"curies":[{"name":"wp","href":"https:\/\/api.w.org\/{rel}","templated":true}]}}