{"id":2805,"date":"2022-11-05T01:40:49","date_gmt":"2022-11-05T00:40:49","guid":{"rendered":"https:\/\/www.sonnia.it\/produkt\/sardegna-necklace\/"},"modified":"2025-05-26T15:06:55","modified_gmt":"2025-05-26T13:06:55","slug":"sardegna-collier","status":"publish","type":"product","link":"https:\/\/www.sonnia.it\/en\/product\/sardegna-collier\/","title":{"rendered":"SARDEGNA Collier"},"content":{"rendered":"","protected":false},"excerpt":{"rendered":"<p>Howlite drops<\/p>\n<p>Branch coral<\/p>\n<p>Sterling silver 18 carat gold-plated<\/p>\n<p>Number of strands 3<\/p>\n<p>Inner length 48 cm | 19 in<\/p>\n","protected":false},"featured_media":8670,"template":"","meta":{"_uag_custom_page_level_css":""},"product_brand":[],"product_cat":[83,95,239],"product_tag":[],"class_list":{"0":"post-2805","1":"product","2":"type-product","3":"status-publish","4":"has-post-thumbnail","6":"product_cat-colliers-and-necklaces","7":"product_cat-nicht-auf-startseite-en","8":"product_cat-summer-collection","10":"first","11":"instock","12":"taxable","13":"shipping-taxable","14":"purchasable","15":"product-type-simple"},"yoast_head":"<!-- This site is optimized with the Yoast SEO Premium plugin v27.5 (Yoast SEO v27.5) - https:\/\/yoast.com\/product\/yoast-seo-premium-wordpress\/ -->\n<title>SARDEGNA Collier - SONNIA Jewellery Design<\/title>\n<meta name=\"robots\" content=\"index, follow, max-snippet:-1, max-image-preview:large, max-video-preview:-1\" \/>\n<link rel=\"canonical\" href=\"https:\/\/www.sonnia.it\/en\/product\/sardegna-collier\/\" \/>\n<meta property=\"og:locale\" content=\"en_US\" \/>\n<meta property=\"og:type\" content=\"article\" \/>\n<meta property=\"og:title\" content=\"SARDEGNA Collier - SONNIA Jewellery Design\" \/>\n<meta property=\"og:description\" content=\"Howlite drops  Branch coral  Sterling silver 18 carat gold-plated  Number of strands 3  Inner length 48 cm | 19 in\" \/>\n<meta property=\"og:url\" content=\"https:\/\/www.sonnia.it\/en\/product\/sardegna-collier\/\" \/>\n<meta property=\"og:site_name\" content=\"SONNIA Jewellery Design\" \/>\n<meta property=\"article:publisher\" content=\"https:\/\/www.facebook.com\/sonnia.jewellery\" \/>\n<meta property=\"article:modified_time\" content=\"2025-05-26T13:06:55+00:00\" \/>\n<meta property=\"og:image\" content=\"https:\/\/www.sonnia.it\/wp-content\/uploads\/2022\/11\/C1258-SARDEGNA.jpg\" \/>\n\t<meta property=\"og:image:width\" content=\"1536\" \/>\n\t<meta property=\"og:image:height\" content=\"1920\" \/>\n\t<meta property=\"og:image:type\" content=\"image\/jpeg\" \/>\n<meta name=\"twitter:card\" content=\"summary_large_image\" \/>\n<meta name=\"twitter:label1\" content=\"Est. reading time\" \/>\n\t<meta name=\"twitter:data1\" content=\"1 minute\" \/>\n<script type=\"application\/ld+json\" class=\"yoast-schema-graph\">{\"@context\":\"https:\\\/\\\/schema.org\",\"@graph\":[{\"@type\":\"WebPage\",\"@id\":\"https:\\\/\\\/www.sonnia.it\\\/en\\\/product\\\/sardegna-collier\\\/\",\"url\":\"https:\\\/\\\/www.sonnia.it\\\/en\\\/product\\\/sardegna-collier\\\/\",\"name\":\"SARDEGNA Collier - SONNIA Jewellery Design\",\"isPartOf\":{\"@id\":\"https:\\\/\\\/www.sonnia.it\\\/en\\\/#website\"},\"primaryImageOfPage\":{\"@id\":\"https:\\\/\\\/www.sonnia.it\\\/en\\\/product\\\/sardegna-collier\\\/#primaryimage\"},\"image\":{\"@id\":\"https:\\\/\\\/www.sonnia.it\\\/en\\\/product\\\/sardegna-collier\\\/#primaryimage\"},\"thumbnailUrl\":\"https:\\\/\\\/www.sonnia.it\\\/wp-content\\\/uploads\\\/2022\\\/11\\\/C1258-SARDEGNA.jpg\",\"datePublished\":\"2022-11-05T00:40:49+00:00\",\"dateModified\":\"2025-05-26T13:06:55+00:00\",\"breadcrumb\":{\"@id\":\"https:\\\/\\\/www.sonnia.it\\\/en\\\/product\\\/sardegna-collier\\\/#breadcrumb\"},\"inLanguage\":\"en-US\",\"potentialAction\":[{\"@type\":\"ReadAction\",\"target\":[\"https:\\\/\\\/www.sonnia.it\\\/en\\\/product\\\/sardegna-collier\\\/\"]}]},{\"@type\":\"ImageObject\",\"inLanguage\":\"en-US\",\"@id\":\"https:\\\/\\\/www.sonnia.it\\\/en\\\/product\\\/sardegna-collier\\\/#primaryimage\",\"url\":\"https:\\\/\\\/www.sonnia.it\\\/wp-content\\\/uploads\\\/2022\\\/11\\\/C1258-SARDEGNA.jpg\",\"contentUrl\":\"https:\\\/\\\/www.sonnia.it\\\/wp-content\\\/uploads\\\/2022\\\/11\\\/C1258-SARDEGNA.jpg\",\"width\":1536,\"height\":1920},{\"@type\":\"BreadcrumbList\",\"@id\":\"https:\\\/\\\/www.sonnia.it\\\/en\\\/product\\\/sardegna-collier\\\/#breadcrumb\",\"itemListElement\":[{\"@type\":\"ListItem\",\"position\":1,\"name\":\"Shop\",\"item\":\"https:\\\/\\\/www.sonnia.it\\\/en\\\/\"},{\"@type\":\"ListItem\",\"position\":2,\"name\":\"SARDEGNA Collier\"}]},{\"@type\":\"WebSite\",\"@id\":\"https:\\\/\\\/www.sonnia.it\\\/en\\\/#website\",\"url\":\"https:\\\/\\\/www.sonnia.it\\\/en\\\/\",\"name\":\"SONNIA Jewellery Design\",\"description\":\"Edle Unikate - stilvoll individuell ausdrucksstark\",\"publisher\":{\"@id\":\"https:\\\/\\\/www.sonnia.it\\\/en\\\/#organization\"},\"alternateName\":\"Schmuckmanufaktur SONNIA\",\"potentialAction\":[{\"@type\":\"SearchAction\",\"target\":{\"@type\":\"EntryPoint\",\"urlTemplate\":\"https:\\\/\\\/www.sonnia.it\\\/en\\\/?s={search_term_string}\"},\"query-input\":{\"@type\":\"PropertyValueSpecification\",\"valueRequired\":true,\"valueName\":\"search_term_string\"}}],\"inLanguage\":\"en-US\"},{\"@type\":[\"Organization\",\"Place\",\"JewelryStore\"],\"@id\":\"https:\\\/\\\/www.sonnia.it\\\/en\\\/#organization\",\"name\":\"Sonnia Jewellery Design\",\"alternateName\":\"Schmuckmanufaktur Sonnia\",\"url\":\"https:\\\/\\\/www.sonnia.it\\\/en\\\/\",\"logo\":{\"@id\":\"https:\\\/\\\/www.sonnia.it\\\/en\\\/product\\\/sardegna-collier\\\/#local-main-organization-logo\"},\"image\":{\"@id\":\"https:\\\/\\\/www.sonnia.it\\\/en\\\/product\\\/sardegna-collier\\\/#local-main-organization-logo\"},\"sameAs\":[\"https:\\\/\\\/www.facebook.com\\\/sonnia.jewellery\",\"https:\\\/\\\/www.instagram.com\\\/sonnia_jewellery_design\"],\"description\":\"Sonnia ist auf hochwertigen Schmuck aus Muscheln, Korallen, Perlen und Edelsteinen spezialisiert. Die Materialien werden sorgf\u00e4ltig ausgew\u00e4hlt und verarbeitet, um zeitloses Design mit moderner Gestaltung zu verbinden. Die Marke positioniert sich im Premiumsegment und richtet sich an Kund:innen, die Authentizit\u00e4t, Exklusivit\u00e4t und nachhaltige Materialauswahl sch\u00e4tzen. Eine starke Online-Pr\u00e4senz erm\u00f6glicht den Zugang zu einem internationalen Publikum.\",\"address\":{\"@id\":\"https:\\\/\\\/www.sonnia.it\\\/en\\\/product\\\/sardegna-collier\\\/#local-main-place-address\"},\"telephone\":[],\"openingHoursSpecification\":[{\"@type\":\"OpeningHoursSpecification\",\"dayOfWeek\":[\"Monday\",\"Tuesday\",\"Wednesday\",\"Thursday\",\"Friday\",\"Saturday\",\"Sunday\"],\"opens\":\"09:00\",\"closes\":\"17:00\"}]},{\"@type\":\"PostalAddress\",\"@id\":\"https:\\\/\\\/www.sonnia.it\\\/en\\\/product\\\/sardegna-collier\\\/#local-main-place-address\",\"streetAddress\":\"Verdistra\u00dfe, 31\\\/B\",\"addressLocality\":\"Merano\",\"postalCode\":\"39012\",\"addressRegion\":\"Autonome Provinz Bozen - S\u00fcdtirol\",\"addressCountry\":\"IT\"},{\"@type\":\"ImageObject\",\"inLanguage\":\"en-US\",\"@id\":\"https:\\\/\\\/www.sonnia.it\\\/en\\\/product\\\/sardegna-collier\\\/#local-main-organization-logo\",\"url\":\"https:\\\/\\\/www.sonnia.it\\\/wp-content\\\/uploads\\\/2025\\\/09\\\/LOGO-1.jpg\",\"contentUrl\":\"https:\\\/\\\/www.sonnia.it\\\/wp-content\\\/uploads\\\/2025\\\/09\\\/LOGO-1.jpg\",\"width\":771,\"height\":1182,\"caption\":\"Sonnia Jewellery Design\"}]}<\/script>\n<meta name=\"geo.placename\" content=\"Merano\" \/>\n<meta name=\"geo.region\" content=\"Italy\" \/>\n<!-- \/ Yoast SEO Premium plugin. -->","yoast_head_json":{"title":"SARDEGNA Collier - SONNIA Jewellery Design","robots":{"index":"index","follow":"follow","max-snippet":"max-snippet:-1","max-image-preview":"max-image-preview:large","max-video-preview":"max-video-preview:-1"},"canonical":"https:\/\/www.sonnia.it\/en\/product\/sardegna-collier\/","og_locale":"en_US","og_type":"article","og_title":"SARDEGNA Collier - SONNIA Jewellery Design","og_description":"Howlite drops  Branch coral  Sterling silver 18 carat gold-plated  Number of strands 3  Inner length 48 cm | 19 in","og_url":"https:\/\/www.sonnia.it\/en\/product\/sardegna-collier\/","og_site_name":"SONNIA Jewellery Design","article_publisher":"https:\/\/www.facebook.com\/sonnia.jewellery","article_modified_time":"2025-05-26T13:06:55+00:00","og_image":[{"width":1536,"height":1920,"url":"https:\/\/www.sonnia.it\/wp-content\/uploads\/2022\/11\/C1258-SARDEGNA.jpg","type":"image\/jpeg"}],"twitter_card":"summary_large_image","twitter_misc":{"Est. reading time":"1 minute"},"schema":{"@context":"https:\/\/schema.org","@graph":[{"@type":"WebPage","@id":"https:\/\/www.sonnia.it\/en\/product\/sardegna-collier\/","url":"https:\/\/www.sonnia.it\/en\/product\/sardegna-collier\/","name":"SARDEGNA Collier - SONNIA Jewellery Design","isPartOf":{"@id":"https:\/\/www.sonnia.it\/en\/#website"},"primaryImageOfPage":{"@id":"https:\/\/www.sonnia.it\/en\/product\/sardegna-collier\/#primaryimage"},"image":{"@id":"https:\/\/www.sonnia.it\/en\/product\/sardegna-collier\/#primaryimage"},"thumbnailUrl":"https:\/\/www.sonnia.it\/wp-content\/uploads\/2022\/11\/C1258-SARDEGNA.jpg","datePublished":"2022-11-05T00:40:49+00:00","dateModified":"2025-05-26T13:06:55+00:00","breadcrumb":{"@id":"https:\/\/www.sonnia.it\/en\/product\/sardegna-collier\/#breadcrumb"},"inLanguage":"en-US","potentialAction":[{"@type":"ReadAction","target":["https:\/\/www.sonnia.it\/en\/product\/sardegna-collier\/"]}]},{"@type":"ImageObject","inLanguage":"en-US","@id":"https:\/\/www.sonnia.it\/en\/product\/sardegna-collier\/#primaryimage","url":"https:\/\/www.sonnia.it\/wp-content\/uploads\/2022\/11\/C1258-SARDEGNA.jpg","contentUrl":"https:\/\/www.sonnia.it\/wp-content\/uploads\/2022\/11\/C1258-SARDEGNA.jpg","width":1536,"height":1920},{"@type":"BreadcrumbList","@id":"https:\/\/www.sonnia.it\/en\/product\/sardegna-collier\/#breadcrumb","itemListElement":[{"@type":"ListItem","position":1,"name":"Shop","item":"https:\/\/www.sonnia.it\/en\/"},{"@type":"ListItem","position":2,"name":"SARDEGNA Collier"}]},{"@type":"WebSite","@id":"https:\/\/www.sonnia.it\/en\/#website","url":"https:\/\/www.sonnia.it\/en\/","name":"SONNIA Jewellery Design","description":"Edle Unikate - stilvoll individuell ausdrucksstark","publisher":{"@id":"https:\/\/www.sonnia.it\/en\/#organization"},"alternateName":"Schmuckmanufaktur SONNIA","potentialAction":[{"@type":"SearchAction","target":{"@type":"EntryPoint","urlTemplate":"https:\/\/www.sonnia.it\/en\/?s={search_term_string}"},"query-input":{"@type":"PropertyValueSpecification","valueRequired":true,"valueName":"search_term_string"}}],"inLanguage":"en-US"},{"@type":["Organization","Place","JewelryStore"],"@id":"https:\/\/www.sonnia.it\/en\/#organization","name":"Sonnia Jewellery Design","alternateName":"Schmuckmanufaktur Sonnia","url":"https:\/\/www.sonnia.it\/en\/","logo":{"@id":"https:\/\/www.sonnia.it\/en\/product\/sardegna-collier\/#local-main-organization-logo"},"image":{"@id":"https:\/\/www.sonnia.it\/en\/product\/sardegna-collier\/#local-main-organization-logo"},"sameAs":["https:\/\/www.facebook.com\/sonnia.jewellery","https:\/\/www.instagram.com\/sonnia_jewellery_design"],"description":"Sonnia ist auf hochwertigen Schmuck aus Muscheln, Korallen, Perlen und Edelsteinen spezialisiert. Die Materialien werden sorgf\u00e4ltig ausgew\u00e4hlt und verarbeitet, um zeitloses Design mit moderner Gestaltung zu verbinden. Die Marke positioniert sich im Premiumsegment und richtet sich an Kund:innen, die Authentizit\u00e4t, Exklusivit\u00e4t und nachhaltige Materialauswahl sch\u00e4tzen. Eine starke Online-Pr\u00e4senz erm\u00f6glicht den Zugang zu einem internationalen Publikum.","address":{"@id":"https:\/\/www.sonnia.it\/en\/product\/sardegna-collier\/#local-main-place-address"},"telephone":[],"openingHoursSpecification":[{"@type":"OpeningHoursSpecification","dayOfWeek":["Monday","Tuesday","Wednesday","Thursday","Friday","Saturday","Sunday"],"opens":"09:00","closes":"17:00"}]},{"@type":"PostalAddress","@id":"https:\/\/www.sonnia.it\/en\/product\/sardegna-collier\/#local-main-place-address","streetAddress":"Verdistra\u00dfe, 31\/B","addressLocality":"Merano","postalCode":"39012","addressRegion":"Autonome Provinz Bozen - S\u00fcdtirol","addressCountry":"IT"},{"@type":"ImageObject","inLanguage":"en-US","@id":"https:\/\/www.sonnia.it\/en\/product\/sardegna-collier\/#local-main-organization-logo","url":"https:\/\/www.sonnia.it\/wp-content\/uploads\/2025\/09\/LOGO-1.jpg","contentUrl":"https:\/\/www.sonnia.it\/wp-content\/uploads\/2025\/09\/LOGO-1.jpg","width":771,"height":1182,"caption":"Sonnia Jewellery Design"}]},"geo.placename":"Merano","geo.region":"Italy"},"uagb_featured_image_src":{"full":["https:\/\/www.sonnia.it\/wp-content\/uploads\/2022\/11\/C1258-SARDEGNA.jpg",1536,1920,false],"thumbnail":["https:\/\/www.sonnia.it\/wp-content\/uploads\/2022\/11\/C1258-SARDEGNA-200x200.jpg",200,200,true],"medium":["https:\/\/www.sonnia.it\/wp-content\/uploads\/2022\/11\/C1258-SARDEGNA-819x1024.jpg",819,1024,true],"medium_large":["https:\/\/www.sonnia.it\/wp-content\/uploads\/2022\/11\/C1258-SARDEGNA-768x960.jpg",768,960,true],"large":["https:\/\/www.sonnia.it\/wp-content\/uploads\/2022\/11\/C1258-SARDEGNA.jpg",980,1225,false],"1536x1536":["https:\/\/www.sonnia.it\/wp-content\/uploads\/2022\/11\/C1258-SARDEGNA-1229x1536.jpg",1229,1536,true],"2048x2048":["https:\/\/www.sonnia.it\/wp-content\/uploads\/2022\/11\/C1258-SARDEGNA.jpg",1536,1920,false],"woocommerce_thumbnail":["https:\/\/www.sonnia.it\/wp-content\/uploads\/2022\/11\/C1258-SARDEGNA-1024x1280.jpg",1024,1280,true],"woocommerce_single":["https:\/\/www.sonnia.it\/wp-content\/uploads\/2022\/11\/C1258-SARDEGNA-1200x1500.jpg",1200,1500,true],"woocommerce_gallery_thumbnail":["https:\/\/www.sonnia.it\/wp-content\/uploads\/2022\/11\/C1258-SARDEGNA-100x100.jpg",100,100,true],"variation_swatches_image_size":["https:\/\/www.sonnia.it\/wp-content\/uploads\/2022\/11\/C1258-SARDEGNA.jpg",40,50,false],"variation_swatches_tooltip_size":["https:\/\/www.sonnia.it\/wp-content\/uploads\/2022\/11\/C1258-SARDEGNA.jpg",80,100,false]},"uagb_author_info":{"display_name":"Sonnia Dettmer","author_link":"https:\/\/www.sonnia.it\/en\/schmuck\/design\/author\/"},"uagb_comment_info":0,"uagb_excerpt":"Howlite drops Branch coral Sterling silver 18 carat gold-plated Number of strands 3 Inner length 48 cm | 19 in","_links":{"self":[{"href":"https:\/\/www.sonnia.it\/en\/wp-json\/wp\/v2\/product\/2805","targetHints":{"allow":["GET"]}}],"collection":[{"href":"https:\/\/www.sonnia.it\/en\/wp-json\/wp\/v2\/product"}],"about":[{"href":"https:\/\/www.sonnia.it\/en\/wp-json\/wp\/v2\/types\/product"}],"wp:featuredmedia":[{"embeddable":true,"href":"https:\/\/www.sonnia.it\/en\/wp-json\/wp\/v2\/media\/8670"}],"wp:attachment":[{"href":"https:\/\/www.sonnia.it\/en\/wp-json\/wp\/v2\/media?parent=2805"}],"wp:term":[{"taxonomy":"product_brand","embeddable":true,"href":"https:\/\/www.sonnia.it\/en\/wp-json\/wp\/v2\/product_brand?post=2805"},{"taxonomy":"product_cat","embeddable":true,"href":"https:\/\/www.sonnia.it\/en\/wp-json\/wp\/v2\/product_cat?post=2805"},{"taxonomy":"product_tag","embeddable":true,"href":"https:\/\/www.sonnia.it\/en\/wp-json\/wp\/v2\/product_tag?post=2805"}],"curies":[{"name":"wp","href":"https:\/\/api.w.org\/{rel}","templated":true}]}}