{"id":2450,"date":"2022-09-16T14:04:01","date_gmt":"2022-09-16T12:04:01","guid":{"rendered":"https:\/\/www.sonnia.it\/shipping\/"},"modified":"2022-11-22T10:50:50","modified_gmt":"2022-11-22T09:50:50","slug":"shipping","status":"publish","type":"page","link":"https:\/\/www.sonnia.it\/en\/shipping\/","title":{"rendered":"Shipping"},"content":{"rendered":"\n<h1 class=\"wp-block-heading\">Shipping<\/h1>\n\n<p>Shipping is done with our logistics partner UPS. Deliveries shipped by SONNIA are insured against theft and accidental damage. As soon as you have received your delivery, the insurance coverage expires. Shipping costs are calculated in the ordering process.<br\/><br\/>These are: <br\/>&#8211; Italy: 9,50 \u20ac<br\/>&#8211; Germany and Austria: 15,00 \u20ac <br\/>&#8211; Switzerland, UK and Europe: 30,00 \u20ac<br\/>&#8211; USA and worldwide: 60,00 \u20ac<br\/>Prices for express delivery will be provided upon request.<\/p>\n\n<p><br\/>After we receive your order, our products will be handmade for you. Therefore, particularly in the case of special jewelry, delivery times of up to 6 &#8211; 8 weeks may occur. Products in stock will be with you within a few days, in exceptional cases within 2 weeks. Please refer to the delivery information per product and during the checkout process.<br\/><br\/>Circumstances outside SONNIA&#8217;s sphere of influence may affect the delivery time.<\/p>\n\n<h2 class=\"wp-block-heading\">Shipment tracking<\/h2>\n\n<p>Once your order has been shipped, you will receive an email from us with a tracking link. You can check the status of the shipment about 1 &#8211; 2 hours after you receive the shipment confirmation.<\/p>\n\n<h2 class=\"wp-block-heading\">PAYMENTS<\/h2>\n\n<p>Forms of payment:<br\/>CREDIT CARD &#8211; PAYPAL &#8211; BANK TRANSFER<br\/><br\/>Your credit card details are passed on to our payment partner via an encrypted SSL connection. SONNIA has no insight or access to your data. In the event of any refunds, SONNIA can only make these to the credit card deposited at the time of payment.<br\/><br\/>The ordered jewelry will be made and shipped only after the final amount of the order is credited to SONNIA&#8217;s account. <br\/>Any transfer costs and bank charges shall be borne by the customer.<\/p>\n\n<h2 class=\"wp-block-heading\">RESERVATION OF OWNERSHIP<\/h2>\n\n<p>The delivered goods remain property of SONNIA until full payment of the purchase price &#8211; incl. additional costs.<\/p>\n\n<h2 class=\"wp-block-heading\">RETURNS &#8211; REVOCATION<\/h2>\n\n<p>According to the legal regulations, the Buyer, provided that he is an end consumer (i.e. a natural person who does not purchase the goods for the purpose of his professional activity or the goods are intended for resale), has the right to withdraw from the purchase agreement without giving any reasons within 14 days in writing by registered mail or email to SONNIA.<\/p>\n","protected":false},"excerpt":{"rendered":"<p>Shipping Shipping is done with our logistics partner UPS. Deliveries shipped by SONNIA are insured against theft and accidental damage. As soon as you have received your delivery, the insurance coverage expires. Shipping costs are calculated in the ordering process. These are: &#8211; Italy: 9,50 \u20ac&#8211; Germany and Austria: 15,00 \u20ac &#8211; Switzerland, UK and [&hellip;]<\/p>\n","protected":false},"author":1,"featured_media":0,"parent":0,"menu_order":0,"comment_status":"closed","ping_status":"closed","template":"","meta":{"_uag_custom_page_level_css":"","footnotes":""},"class_list":["post-2450","page","type-page","status-publish","hentry"],"yoast_head":"<!-- This site is optimized with the Yoast SEO Premium plugin v27.5 (Yoast SEO v27.5) - https:\/\/yoast.com\/product\/yoast-seo-premium-wordpress\/ -->\n<title>Shipping - SONNIA Jewellery Design<\/title>\n<meta name=\"robots\" content=\"noindex, nofollow\" \/>\n<meta property=\"og:locale\" content=\"en_US\" \/>\n<meta property=\"og:type\" content=\"article\" \/>\n<meta property=\"og:title\" content=\"Shipping - SONNIA Jewellery Design\" \/>\n<meta property=\"og:description\" content=\"Shipping Shipping is done with our logistics partner UPS. Deliveries shipped by SONNIA are insured against theft and accidental damage. As soon as you have received your delivery, the insurance coverage expires. Shipping costs are calculated in the ordering process. These are: &#8211; Italy: 9,50 \u20ac&#8211; Germany and Austria: 15,00 \u20ac &#8211; Switzerland, UK and [&hellip;]\" \/>\n<meta property=\"og:url\" content=\"https:\/\/www.sonnia.it\/en\/shipping\/\" \/>\n<meta property=\"og:site_name\" content=\"SONNIA Jewellery Design\" \/>\n<meta property=\"article:publisher\" content=\"https:\/\/www.facebook.com\/sonnia.jewellery\" \/>\n<meta property=\"article:modified_time\" content=\"2022-11-22T09:50:50+00:00\" \/>\n<meta name=\"twitter:card\" content=\"summary_large_image\" \/>\n<meta name=\"twitter:label1\" content=\"Est. reading time\" \/>\n\t<meta name=\"twitter:data1\" content=\"2 minutes\" \/>\n<script type=\"application\/ld+json\" class=\"yoast-schema-graph\">{\"@context\":\"https:\\\/\\\/schema.org\",\"@graph\":[{\"@type\":\"WebPage\",\"@id\":\"https:\\\/\\\/www.sonnia.it\\\/en\\\/shipping\\\/\",\"url\":\"https:\\\/\\\/www.sonnia.it\\\/en\\\/shipping\\\/\",\"name\":\"Shipping - SONNIA Jewellery Design\",\"isPartOf\":{\"@id\":\"https:\\\/\\\/www.sonnia.it\\\/en\\\/#website\"},\"datePublished\":\"2022-09-16T12:04:01+00:00\",\"dateModified\":\"2022-11-22T09:50:50+00:00\",\"inLanguage\":\"en-US\",\"potentialAction\":[{\"@type\":\"ReadAction\",\"target\":[\"https:\\\/\\\/www.sonnia.it\\\/en\\\/shipping\\\/\"]}]},{\"@type\":\"WebSite\",\"@id\":\"https:\\\/\\\/www.sonnia.it\\\/en\\\/#website\",\"url\":\"https:\\\/\\\/www.sonnia.it\\\/en\\\/\",\"name\":\"SONNIA Jewellery Design\",\"description\":\"Edle Unikate - stilvoll individuell ausdrucksstark\",\"publisher\":{\"@id\":\"https:\\\/\\\/www.sonnia.it\\\/en\\\/#organization\"},\"alternateName\":\"Schmuckmanufaktur SONNIA\",\"potentialAction\":[{\"@type\":\"SearchAction\",\"target\":{\"@type\":\"EntryPoint\",\"urlTemplate\":\"https:\\\/\\\/www.sonnia.it\\\/en\\\/?s={search_term_string}\"},\"query-input\":{\"@type\":\"PropertyValueSpecification\",\"valueRequired\":true,\"valueName\":\"search_term_string\"}}],\"inLanguage\":\"en-US\"},{\"@type\":[\"Organization\",\"Place\",\"JewelryStore\"],\"@id\":\"https:\\\/\\\/www.sonnia.it\\\/en\\\/#organization\",\"name\":\"Sonnia Jewellery Design\",\"alternateName\":\"Schmuckmanufaktur Sonnia\",\"url\":\"https:\\\/\\\/www.sonnia.it\\\/en\\\/\",\"logo\":{\"@id\":\"https:\\\/\\\/www.sonnia.it\\\/en\\\/shipping\\\/#local-main-organization-logo\"},\"image\":{\"@id\":\"https:\\\/\\\/www.sonnia.it\\\/en\\\/shipping\\\/#local-main-organization-logo\"},\"sameAs\":[\"https:\\\/\\\/www.facebook.com\\\/sonnia.jewellery\",\"https:\\\/\\\/www.instagram.com\\\/sonnia_jewellery_design\"],\"description\":\"Sonnia ist auf hochwertigen Schmuck aus Muscheln, Korallen, Perlen und Edelsteinen spezialisiert. Die Materialien werden sorgf\u00e4ltig ausgew\u00e4hlt und verarbeitet, um zeitloses Design mit moderner Gestaltung zu verbinden. Die Marke positioniert sich im Premiumsegment und richtet sich an Kund:innen, die Authentizit\u00e4t, Exklusivit\u00e4t und nachhaltige Materialauswahl sch\u00e4tzen. Eine starke Online-Pr\u00e4senz erm\u00f6glicht den Zugang zu einem internationalen Publikum.\",\"address\":{\"@id\":\"https:\\\/\\\/www.sonnia.it\\\/en\\\/shipping\\\/#local-main-place-address\"},\"telephone\":[],\"openingHoursSpecification\":[{\"@type\":\"OpeningHoursSpecification\",\"dayOfWeek\":[\"Monday\",\"Tuesday\",\"Wednesday\",\"Thursday\",\"Friday\",\"Saturday\",\"Sunday\"],\"opens\":\"09:00\",\"closes\":\"17:00\"}]},{\"@type\":\"PostalAddress\",\"@id\":\"https:\\\/\\\/www.sonnia.it\\\/en\\\/shipping\\\/#local-main-place-address\",\"streetAddress\":\"Verdistra\u00dfe, 31\\\/B\",\"addressLocality\":\"Merano\",\"postalCode\":\"39012\",\"addressRegion\":\"Autonome Provinz Bozen - S\u00fcdtirol\",\"addressCountry\":\"IT\"},{\"@type\":\"ImageObject\",\"inLanguage\":\"en-US\",\"@id\":\"https:\\\/\\\/www.sonnia.it\\\/en\\\/shipping\\\/#local-main-organization-logo\",\"url\":\"https:\\\/\\\/www.sonnia.it\\\/wp-content\\\/uploads\\\/2025\\\/09\\\/LOGO-1.jpg\",\"contentUrl\":\"https:\\\/\\\/www.sonnia.it\\\/wp-content\\\/uploads\\\/2025\\\/09\\\/LOGO-1.jpg\",\"width\":771,\"height\":1182,\"caption\":\"Sonnia Jewellery Design\"}]}<\/script>\n<meta name=\"geo.placename\" content=\"Merano\" \/>\n<meta name=\"geo.region\" content=\"Italy\" \/>\n<!-- \/ Yoast SEO Premium plugin. -->","yoast_head_json":{"title":"Shipping - SONNIA Jewellery Design","robots":{"index":"noindex","follow":"nofollow"},"og_locale":"en_US","og_type":"article","og_title":"Shipping - SONNIA Jewellery Design","og_description":"Shipping Shipping is done with our logistics partner UPS. Deliveries shipped by SONNIA are insured against theft and accidental damage. As soon as you have received your delivery, the insurance coverage expires. Shipping costs are calculated in the ordering process. These are: &#8211; Italy: 9,50 \u20ac&#8211; Germany and Austria: 15,00 \u20ac &#8211; Switzerland, UK and [&hellip;]","og_url":"https:\/\/www.sonnia.it\/en\/shipping\/","og_site_name":"SONNIA Jewellery Design","article_publisher":"https:\/\/www.facebook.com\/sonnia.jewellery","article_modified_time":"2022-11-22T09:50:50+00:00","twitter_card":"summary_large_image","twitter_misc":{"Est. reading time":"2 minutes"},"schema":{"@context":"https:\/\/schema.org","@graph":[{"@type":"WebPage","@id":"https:\/\/www.sonnia.it\/en\/shipping\/","url":"https:\/\/www.sonnia.it\/en\/shipping\/","name":"Shipping - SONNIA Jewellery Design","isPartOf":{"@id":"https:\/\/www.sonnia.it\/en\/#website"},"datePublished":"2022-09-16T12:04:01+00:00","dateModified":"2022-11-22T09:50:50+00:00","inLanguage":"en-US","potentialAction":[{"@type":"ReadAction","target":["https:\/\/www.sonnia.it\/en\/shipping\/"]}]},{"@type":"WebSite","@id":"https:\/\/www.sonnia.it\/en\/#website","url":"https:\/\/www.sonnia.it\/en\/","name":"SONNIA Jewellery Design","description":"Edle Unikate - stilvoll individuell ausdrucksstark","publisher":{"@id":"https:\/\/www.sonnia.it\/en\/#organization"},"alternateName":"Schmuckmanufaktur SONNIA","potentialAction":[{"@type":"SearchAction","target":{"@type":"EntryPoint","urlTemplate":"https:\/\/www.sonnia.it\/en\/?s={search_term_string}"},"query-input":{"@type":"PropertyValueSpecification","valueRequired":true,"valueName":"search_term_string"}}],"inLanguage":"en-US"},{"@type":["Organization","Place","JewelryStore"],"@id":"https:\/\/www.sonnia.it\/en\/#organization","name":"Sonnia Jewellery Design","alternateName":"Schmuckmanufaktur Sonnia","url":"https:\/\/www.sonnia.it\/en\/","logo":{"@id":"https:\/\/www.sonnia.it\/en\/shipping\/#local-main-organization-logo"},"image":{"@id":"https:\/\/www.sonnia.it\/en\/shipping\/#local-main-organization-logo"},"sameAs":["https:\/\/www.facebook.com\/sonnia.jewellery","https:\/\/www.instagram.com\/sonnia_jewellery_design"],"description":"Sonnia ist auf hochwertigen Schmuck aus Muscheln, Korallen, Perlen und Edelsteinen spezialisiert. Die Materialien werden sorgf\u00e4ltig ausgew\u00e4hlt und verarbeitet, um zeitloses Design mit moderner Gestaltung zu verbinden. Die Marke positioniert sich im Premiumsegment und richtet sich an Kund:innen, die Authentizit\u00e4t, Exklusivit\u00e4t und nachhaltige Materialauswahl sch\u00e4tzen. Eine starke Online-Pr\u00e4senz erm\u00f6glicht den Zugang zu einem internationalen Publikum.","address":{"@id":"https:\/\/www.sonnia.it\/en\/shipping\/#local-main-place-address"},"telephone":[],"openingHoursSpecification":[{"@type":"OpeningHoursSpecification","dayOfWeek":["Monday","Tuesday","Wednesday","Thursday","Friday","Saturday","Sunday"],"opens":"09:00","closes":"17:00"}]},{"@type":"PostalAddress","@id":"https:\/\/www.sonnia.it\/en\/shipping\/#local-main-place-address","streetAddress":"Verdistra\u00dfe, 31\/B","addressLocality":"Merano","postalCode":"39012","addressRegion":"Autonome Provinz Bozen - S\u00fcdtirol","addressCountry":"IT"},{"@type":"ImageObject","inLanguage":"en-US","@id":"https:\/\/www.sonnia.it\/en\/shipping\/#local-main-organization-logo","url":"https:\/\/www.sonnia.it\/wp-content\/uploads\/2025\/09\/LOGO-1.jpg","contentUrl":"https:\/\/www.sonnia.it\/wp-content\/uploads\/2025\/09\/LOGO-1.jpg","width":771,"height":1182,"caption":"Sonnia Jewellery Design"}]},"geo.placename":"Merano","geo.region":"Italy"},"uagb_featured_image_src":{"full":false,"thumbnail":false,"medium":false,"medium_large":false,"large":false,"1536x1536":false,"2048x2048":false,"woocommerce_thumbnail":false,"woocommerce_single":false,"woocommerce_gallery_thumbnail":false,"variation_swatches_image_size":false,"variation_swatches_tooltip_size":false},"uagb_author_info":{"display_name":"webwg","author_link":"https:\/\/www.sonnia.it\/en\/schmuck\/design\/author\/webwg\/"},"uagb_comment_info":0,"uagb_excerpt":"Shipping Shipping is done with our logistics partner UPS. Deliveries shipped by SONNIA are insured against theft and accidental damage. As soon as you have received your delivery, the insurance coverage expires. Shipping costs are calculated in the ordering process. These are: &#8211; Italy: 9,50 \u20ac&#8211; Germany and Austria: 15,00 \u20ac &#8211; Switzerland, UK and&hellip;","_links":{"self":[{"href":"https:\/\/www.sonnia.it\/en\/wp-json\/wp\/v2\/pages\/2450","targetHints":{"allow":["GET"]}}],"collection":[{"href":"https:\/\/www.sonnia.it\/en\/wp-json\/wp\/v2\/pages"}],"about":[{"href":"https:\/\/www.sonnia.it\/en\/wp-json\/wp\/v2\/types\/page"}],"author":[{"embeddable":true,"href":"https:\/\/www.sonnia.it\/en\/wp-json\/wp\/v2\/users\/1"}],"replies":[{"embeddable":true,"href":"https:\/\/www.sonnia.it\/en\/wp-json\/wp\/v2\/comments?post=2450"}],"version-history":[{"count":0,"href":"https:\/\/www.sonnia.it\/en\/wp-json\/wp\/v2\/pages\/2450\/revisions"}],"wp:attachment":[{"href":"https:\/\/www.sonnia.it\/en\/wp-json\/wp\/v2\/media?parent=2450"}],"curies":[{"name":"wp","href":"https:\/\/api.w.org\/{rel}","templated":true}]}}