{"id":2435,"date":"2022-09-14T12:19:33","date_gmt":"2022-09-14T10:19:33","guid":{"rendered":"https:\/\/www.sonnia.it\/philosophy\/"},"modified":"2026-03-04T13:49:01","modified_gmt":"2026-03-04T12:49:01","slug":"philosophy","status":"publish","type":"page","link":"https:\/\/www.sonnia.it\/en\/philosophy\/","title":{"rendered":"Philosophy"},"content":{"rendered":"\n<h1 class=\"wp-block-heading has-text-align-center\">Philosophy<\/h1>\n\n<p class=\"has-text-align-center\">The creations of SONNIA are more than just jewellery \u2013 they are an expression of personality and style. Each piece is handcrafted with the utmost care and attention to detail, designed to accompany you not just in the moment, but for many years to come. Whether for everyday wear, professional settings, or special occasions, SONNIA jewellery is versatile and distinctive, complementing any outfit and adding that special finishing touch. Timeless, individual, and always more than just an accessory.<\/p>\n\n<div style=\"height:100px\" aria-hidden=\"true\" class=\"wp-block-spacer is-style-space-large\"><\/div>\n\n<div class=\"wp-block-columns is-layout-flex wp-container-core-columns-is-layout-28f84493 wp-block-columns-is-layout-flex\">\n<div class=\"wp-block-column is-layout-flow wp-block-column-is-layout-flow\">\n<figure class=\"wp-block-image size-full is-style-mobile-offright\"><img decoding=\"async\" width=\"945\" height=\"1228\" src=\"http:\/\/www.sonnia.it\/wp-content\/uploads\/2022\/09\/Philosophie_B.jpg\" alt=\"\" class=\"wp-image-163\" srcset=\"https:\/\/www.sonnia.it\/wp-content\/uploads\/2022\/09\/Philosophie_B.jpg 945w, https:\/\/www.sonnia.it\/wp-content\/uploads\/2022\/09\/Philosophie_B-788x1024.jpg 788w, https:\/\/www.sonnia.it\/wp-content\/uploads\/2022\/09\/Philosophie_B-768x998.jpg 768w\" sizes=\"(max-width: 945px) 100vw, 945px\" \/><\/figure>\n<\/div>\n\n\n\n<div class=\"wp-block-column is-style-align-bottom is-layout-flow wp-block-column-is-layout-flow\">\n<h2 class=\"wp-block-heading has-text-align-center\">Bespoke jewellery<\/h2>\n\n\n\n<p>SONNIA is intended for self-confident women who are looking for unique, high-quality jewelry that expresses their personality in all its beauty.<br\/>Designer Sonnia Dettmer is convinced that jewelry should first and foremost give pleasure and strengthen and emphasize the wearer&#8217;s self-confidence and full potential.<\/p>\n\n\n\n<div style=\"height:100px\" aria-hidden=\"true\" class=\"wp-block-spacer is-style-space-large\"><\/div>\n\n\n\n<hr class=\"wp-block-separator has-alpha-channel-opacity\"\/>\n<\/div>\n<\/div>\n\n<div style=\"height:100px\" aria-hidden=\"true\" class=\"wp-block-spacer is-style-space-medium\"><\/div>\n\n<h2 class=\"wp-block-heading\">Sustainable handling of materials<\/h2>\n\n<p>SONNIA loves nature and it is her great concern to protect and preserve it. She therefore sources her materials, such as gemstones and corals, exclusively from trading partners who guarantee the sustainable use of natural resources. For SONNIA, this is not a trend, but the basis of her business concept and an expression of her connection with nature.<\/p>\n\n<div style=\"height:100px\" aria-hidden=\"true\" class=\"wp-block-spacer is-style-space-small\"><\/div>\n\n<figure class=\"wp-block-image size-large\"><img decoding=\"async\" src=\"http:\/\/www.sonnia.it\/wp-content\/uploads\/2022\/09\/Philosophie_C-1500x579.jpg\" alt=\"\" class=\"wp-image-173\"\/><\/figure>\n","protected":false},"excerpt":{"rendered":"<p>Philosophy The creations of SONNIA are more than just jewellery \u2013 they are an expression of personality and style. Each piece is handcrafted with the utmost care and attention to detail, designed to accompany you not just in the moment, but for many years to come. Whether for everyday wear, professional settings, or special occasions, [&hellip;]<\/p>\n","protected":false},"author":1,"featured_media":11191,"parent":0,"menu_order":0,"comment_status":"closed","ping_status":"closed","template":"","meta":{"_uag_custom_page_level_css":"","footnotes":""},"class_list":["post-2435","page","type-page","status-publish","has-post-thumbnail","hentry"],"yoast_head":"<!-- This site is optimized with the Yoast SEO Premium plugin v27.4 (Yoast SEO v27.4) - https:\/\/yoast.com\/product\/yoast-seo-premium-wordpress\/ -->\n<title>Philosophy - SONNIA Jewellery Design<\/title>\n<meta name=\"description\" content=\"SONNIA Jewellery Design stands for exclusive materials and great design. Her jewelry combines shells, coral and precious stones.\" \/>\n<meta name=\"robots\" content=\"index, follow, max-snippet:-1, max-image-preview:large, max-video-preview:-1\" \/>\n<link rel=\"canonical\" href=\"https:\/\/www.sonnia.it\/en\/philosophy\/\" \/>\n<meta property=\"og:locale\" content=\"en_US\" \/>\n<meta property=\"og:type\" content=\"article\" \/>\n<meta property=\"og:title\" content=\"Philosophy - SONNIA Jewellery Design\" \/>\n<meta property=\"og:description\" content=\"SONNIA Jewellery Design stands for exclusive materials and great design. Her jewelry combines shells, coral and precious stones.\" \/>\n<meta property=\"og:url\" content=\"https:\/\/www.sonnia.it\/en\/philosophy\/\" \/>\n<meta property=\"og:site_name\" content=\"SONNIA Jewellery Design\" \/>\n<meta property=\"article:publisher\" content=\"https:\/\/www.facebook.com\/sonnia.jewellery\" \/>\n<meta property=\"article:modified_time\" content=\"2026-03-04T12:49:01+00:00\" \/>\n<meta property=\"og:image\" content=\"https:\/\/www.sonnia.it\/wp-content\/uploads\/2026\/03\/IMG_9926.jpg\" \/>\n\t<meta property=\"og:image:width\" content=\"2000\" \/>\n\t<meta property=\"og:image:height\" content=\"1333\" \/>\n\t<meta property=\"og:image:type\" content=\"image\/jpeg\" \/>\n<meta name=\"twitter:card\" content=\"summary_large_image\" \/>\n<meta name=\"twitter:label1\" content=\"Est. reading time\" \/>\n\t<meta name=\"twitter:data1\" content=\"2 minutes\" \/>\n<script type=\"application\/ld+json\" class=\"yoast-schema-graph\">{\"@context\":\"https:\\\/\\\/schema.org\",\"@graph\":[{\"@type\":\"WebPage\",\"@id\":\"https:\\\/\\\/www.sonnia.it\\\/en\\\/philosophy\\\/\",\"url\":\"https:\\\/\\\/www.sonnia.it\\\/en\\\/philosophy\\\/\",\"name\":\"Philosophy - SONNIA Jewellery Design\",\"isPartOf\":{\"@id\":\"https:\\\/\\\/www.sonnia.it\\\/en\\\/#website\"},\"primaryImageOfPage\":{\"@id\":\"https:\\\/\\\/www.sonnia.it\\\/en\\\/philosophy\\\/#primaryimage\"},\"image\":{\"@id\":\"https:\\\/\\\/www.sonnia.it\\\/en\\\/philosophy\\\/#primaryimage\"},\"thumbnailUrl\":\"https:\\\/\\\/www.sonnia.it\\\/wp-content\\\/uploads\\\/2026\\\/03\\\/IMG_9926.jpg\",\"datePublished\":\"2022-09-14T10:19:33+00:00\",\"dateModified\":\"2026-03-04T12:49:01+00:00\",\"description\":\"SONNIA Jewellery Design stands for exclusive materials and great design. Her jewelry combines shells, coral and precious stones.\",\"inLanguage\":\"en-US\",\"potentialAction\":[{\"@type\":\"ReadAction\",\"target\":[\"https:\\\/\\\/www.sonnia.it\\\/en\\\/philosophy\\\/\"]}]},{\"@type\":\"ImageObject\",\"inLanguage\":\"en-US\",\"@id\":\"https:\\\/\\\/www.sonnia.it\\\/en\\\/philosophy\\\/#primaryimage\",\"url\":\"https:\\\/\\\/www.sonnia.it\\\/wp-content\\\/uploads\\\/2026\\\/03\\\/IMG_9926.jpg\",\"contentUrl\":\"https:\\\/\\\/www.sonnia.it\\\/wp-content\\\/uploads\\\/2026\\\/03\\\/IMG_9926.jpg\",\"width\":2000,\"height\":1333},{\"@type\":\"WebSite\",\"@id\":\"https:\\\/\\\/www.sonnia.it\\\/en\\\/#website\",\"url\":\"https:\\\/\\\/www.sonnia.it\\\/en\\\/\",\"name\":\"SONNIA Jewellery Design\",\"description\":\"Edle Unikate - stilvoll individuell ausdrucksstark\",\"publisher\":{\"@id\":\"https:\\\/\\\/www.sonnia.it\\\/en\\\/#organization\"},\"alternateName\":\"Schmuckmanufaktur SONNIA\",\"potentialAction\":[{\"@type\":\"SearchAction\",\"target\":{\"@type\":\"EntryPoint\",\"urlTemplate\":\"https:\\\/\\\/www.sonnia.it\\\/en\\\/?s={search_term_string}\"},\"query-input\":{\"@type\":\"PropertyValueSpecification\",\"valueRequired\":true,\"valueName\":\"search_term_string\"}}],\"inLanguage\":\"en-US\"},{\"@type\":[\"Organization\",\"Place\",\"JewelryStore\"],\"@id\":\"https:\\\/\\\/www.sonnia.it\\\/en\\\/#organization\",\"name\":\"Sonnia Jewellery Design\",\"alternateName\":\"Schmuckmanufaktur Sonnia\",\"url\":\"https:\\\/\\\/www.sonnia.it\\\/en\\\/\",\"logo\":{\"@id\":\"https:\\\/\\\/www.sonnia.it\\\/en\\\/philosophy\\\/#local-main-organization-logo\"},\"image\":{\"@id\":\"https:\\\/\\\/www.sonnia.it\\\/en\\\/philosophy\\\/#local-main-organization-logo\"},\"sameAs\":[\"https:\\\/\\\/www.facebook.com\\\/sonnia.jewellery\",\"https:\\\/\\\/www.instagram.com\\\/sonnia_jewellery_design\"],\"description\":\"Sonnia ist auf hochwertigen Schmuck aus Muscheln, Korallen, Perlen und Edelsteinen spezialisiert. Die Materialien werden sorgf\u00e4ltig ausgew\u00e4hlt und verarbeitet, um zeitloses Design mit moderner Gestaltung zu verbinden. Die Marke positioniert sich im Premiumsegment und richtet sich an Kund:innen, die Authentizit\u00e4t, Exklusivit\u00e4t und nachhaltige Materialauswahl sch\u00e4tzen. Eine starke Online-Pr\u00e4senz erm\u00f6glicht den Zugang zu einem internationalen Publikum.\",\"address\":{\"@id\":\"https:\\\/\\\/www.sonnia.it\\\/en\\\/philosophy\\\/#local-main-place-address\"},\"telephone\":[],\"openingHoursSpecification\":[{\"@type\":\"OpeningHoursSpecification\",\"dayOfWeek\":[\"Monday\",\"Tuesday\",\"Wednesday\",\"Thursday\",\"Friday\",\"Saturday\",\"Sunday\"],\"opens\":\"09:00\",\"closes\":\"17:00\"}]},{\"@type\":\"PostalAddress\",\"@id\":\"https:\\\/\\\/www.sonnia.it\\\/en\\\/philosophy\\\/#local-main-place-address\",\"streetAddress\":\"Verdistra\u00dfe, 31\\\/B\",\"addressLocality\":\"Merano\",\"postalCode\":\"39012\",\"addressRegion\":\"Autonome Provinz Bozen - S\u00fcdtirol\",\"addressCountry\":\"IT\"},{\"@type\":\"ImageObject\",\"inLanguage\":\"en-US\",\"@id\":\"https:\\\/\\\/www.sonnia.it\\\/en\\\/philosophy\\\/#local-main-organization-logo\",\"url\":\"https:\\\/\\\/www.sonnia.it\\\/wp-content\\\/uploads\\\/2025\\\/09\\\/LOGO-1.jpg\",\"contentUrl\":\"https:\\\/\\\/www.sonnia.it\\\/wp-content\\\/uploads\\\/2025\\\/09\\\/LOGO-1.jpg\",\"width\":771,\"height\":1182,\"caption\":\"Sonnia Jewellery Design\"}]}<\/script>\n<meta name=\"geo.placename\" content=\"Merano\" \/>\n<meta name=\"geo.region\" content=\"Italy\" \/>\n<!-- \/ Yoast SEO Premium plugin. -->","yoast_head_json":{"title":"Philosophy - SONNIA Jewellery Design","description":"SONNIA Jewellery Design stands for exclusive materials and great design. Her jewelry combines shells, coral and precious stones.","robots":{"index":"index","follow":"follow","max-snippet":"max-snippet:-1","max-image-preview":"max-image-preview:large","max-video-preview":"max-video-preview:-1"},"canonical":"https:\/\/www.sonnia.it\/en\/philosophy\/","og_locale":"en_US","og_type":"article","og_title":"Philosophy - SONNIA Jewellery Design","og_description":"SONNIA Jewellery Design stands for exclusive materials and great design. Her jewelry combines shells, coral and precious stones.","og_url":"https:\/\/www.sonnia.it\/en\/philosophy\/","og_site_name":"SONNIA Jewellery Design","article_publisher":"https:\/\/www.facebook.com\/sonnia.jewellery","article_modified_time":"2026-03-04T12:49:01+00:00","og_image":[{"width":2000,"height":1333,"url":"https:\/\/www.sonnia.it\/wp-content\/uploads\/2026\/03\/IMG_9926.jpg","type":"image\/jpeg"}],"twitter_card":"summary_large_image","twitter_misc":{"Est. reading time":"2 minutes"},"schema":{"@context":"https:\/\/schema.org","@graph":[{"@type":"WebPage","@id":"https:\/\/www.sonnia.it\/en\/philosophy\/","url":"https:\/\/www.sonnia.it\/en\/philosophy\/","name":"Philosophy - SONNIA Jewellery Design","isPartOf":{"@id":"https:\/\/www.sonnia.it\/en\/#website"},"primaryImageOfPage":{"@id":"https:\/\/www.sonnia.it\/en\/philosophy\/#primaryimage"},"image":{"@id":"https:\/\/www.sonnia.it\/en\/philosophy\/#primaryimage"},"thumbnailUrl":"https:\/\/www.sonnia.it\/wp-content\/uploads\/2026\/03\/IMG_9926.jpg","datePublished":"2022-09-14T10:19:33+00:00","dateModified":"2026-03-04T12:49:01+00:00","description":"SONNIA Jewellery Design stands for exclusive materials and great design. Her jewelry combines shells, coral and precious stones.","inLanguage":"en-US","potentialAction":[{"@type":"ReadAction","target":["https:\/\/www.sonnia.it\/en\/philosophy\/"]}]},{"@type":"ImageObject","inLanguage":"en-US","@id":"https:\/\/www.sonnia.it\/en\/philosophy\/#primaryimage","url":"https:\/\/www.sonnia.it\/wp-content\/uploads\/2026\/03\/IMG_9926.jpg","contentUrl":"https:\/\/www.sonnia.it\/wp-content\/uploads\/2026\/03\/IMG_9926.jpg","width":2000,"height":1333},{"@type":"WebSite","@id":"https:\/\/www.sonnia.it\/en\/#website","url":"https:\/\/www.sonnia.it\/en\/","name":"SONNIA Jewellery Design","description":"Edle Unikate - stilvoll individuell ausdrucksstark","publisher":{"@id":"https:\/\/www.sonnia.it\/en\/#organization"},"alternateName":"Schmuckmanufaktur SONNIA","potentialAction":[{"@type":"SearchAction","target":{"@type":"EntryPoint","urlTemplate":"https:\/\/www.sonnia.it\/en\/?s={search_term_string}"},"query-input":{"@type":"PropertyValueSpecification","valueRequired":true,"valueName":"search_term_string"}}],"inLanguage":"en-US"},{"@type":["Organization","Place","JewelryStore"],"@id":"https:\/\/www.sonnia.it\/en\/#organization","name":"Sonnia Jewellery Design","alternateName":"Schmuckmanufaktur Sonnia","url":"https:\/\/www.sonnia.it\/en\/","logo":{"@id":"https:\/\/www.sonnia.it\/en\/philosophy\/#local-main-organization-logo"},"image":{"@id":"https:\/\/www.sonnia.it\/en\/philosophy\/#local-main-organization-logo"},"sameAs":["https:\/\/www.facebook.com\/sonnia.jewellery","https:\/\/www.instagram.com\/sonnia_jewellery_design"],"description":"Sonnia ist auf hochwertigen Schmuck aus Muscheln, Korallen, Perlen und Edelsteinen spezialisiert. Die Materialien werden sorgf\u00e4ltig ausgew\u00e4hlt und verarbeitet, um zeitloses Design mit moderner Gestaltung zu verbinden. Die Marke positioniert sich im Premiumsegment und richtet sich an Kund:innen, die Authentizit\u00e4t, Exklusivit\u00e4t und nachhaltige Materialauswahl sch\u00e4tzen. Eine starke Online-Pr\u00e4senz erm\u00f6glicht den Zugang zu einem internationalen Publikum.","address":{"@id":"https:\/\/www.sonnia.it\/en\/philosophy\/#local-main-place-address"},"telephone":[],"openingHoursSpecification":[{"@type":"OpeningHoursSpecification","dayOfWeek":["Monday","Tuesday","Wednesday","Thursday","Friday","Saturday","Sunday"],"opens":"09:00","closes":"17:00"}]},{"@type":"PostalAddress","@id":"https:\/\/www.sonnia.it\/en\/philosophy\/#local-main-place-address","streetAddress":"Verdistra\u00dfe, 31\/B","addressLocality":"Merano","postalCode":"39012","addressRegion":"Autonome Provinz Bozen - S\u00fcdtirol","addressCountry":"IT"},{"@type":"ImageObject","inLanguage":"en-US","@id":"https:\/\/www.sonnia.it\/en\/philosophy\/#local-main-organization-logo","url":"https:\/\/www.sonnia.it\/wp-content\/uploads\/2025\/09\/LOGO-1.jpg","contentUrl":"https:\/\/www.sonnia.it\/wp-content\/uploads\/2025\/09\/LOGO-1.jpg","width":771,"height":1182,"caption":"Sonnia Jewellery Design"}]},"geo.placename":"Merano","geo.region":"Italy"},"uagb_featured_image_src":{"full":["https:\/\/www.sonnia.it\/wp-content\/uploads\/2026\/03\/IMG_9926.jpg",2000,1333,false],"thumbnail":["https:\/\/www.sonnia.it\/wp-content\/uploads\/2026\/03\/IMG_9926-200x200.jpg",200,200,true],"medium":["https:\/\/www.sonnia.it\/wp-content\/uploads\/2026\/03\/IMG_9926-1024x682.jpg",1024,682,true],"medium_large":["https:\/\/www.sonnia.it\/wp-content\/uploads\/2026\/03\/IMG_9926-768x512.jpg",768,512,true],"large":["https:\/\/www.sonnia.it\/wp-content\/uploads\/2026\/03\/IMG_9926-1920x1280.jpg",980,653,true],"1536x1536":["https:\/\/www.sonnia.it\/wp-content\/uploads\/2026\/03\/IMG_9926-1536x1024.jpg",1536,1024,true],"2048x2048":["https:\/\/www.sonnia.it\/wp-content\/uploads\/2026\/03\/IMG_9926.jpg",2000,1333,false],"woocommerce_thumbnail":["https:\/\/www.sonnia.it\/wp-content\/uploads\/2026\/03\/IMG_9926-1024x682.jpg",1024,682,true],"woocommerce_single":["https:\/\/www.sonnia.it\/wp-content\/uploads\/2026\/03\/IMG_9926-1200x800.jpg",1200,800,true],"woocommerce_gallery_thumbnail":["https:\/\/www.sonnia.it\/wp-content\/uploads\/2026\/03\/IMG_9926-100x100.jpg",100,100,true],"variation_swatches_image_size":["https:\/\/www.sonnia.it\/wp-content\/uploads\/2026\/03\/IMG_9926-50x50.jpg",50,50,true],"variation_swatches_tooltip_size":["https:\/\/www.sonnia.it\/wp-content\/uploads\/2026\/03\/IMG_9926-100x100.jpg",100,100,true]},"uagb_author_info":{"display_name":"webwg","author_link":"https:\/\/www.sonnia.it\/en\/schmuck\/design\/author\/webwg\/"},"uagb_comment_info":0,"uagb_excerpt":"Philosophy The creations of SONNIA are more than just jewellery \u2013 they are an expression of personality and style. Each piece is handcrafted with the utmost care and attention to detail, designed to accompany you not just in the moment, but for many years to come. Whether for everyday wear, professional settings, or special occasions,&hellip;","_links":{"self":[{"href":"https:\/\/www.sonnia.it\/en\/wp-json\/wp\/v2\/pages\/2435","targetHints":{"allow":["GET"]}}],"collection":[{"href":"https:\/\/www.sonnia.it\/en\/wp-json\/wp\/v2\/pages"}],"about":[{"href":"https:\/\/www.sonnia.it\/en\/wp-json\/wp\/v2\/types\/page"}],"author":[{"embeddable":true,"href":"https:\/\/www.sonnia.it\/en\/wp-json\/wp\/v2\/users\/1"}],"replies":[{"embeddable":true,"href":"https:\/\/www.sonnia.it\/en\/wp-json\/wp\/v2\/comments?post=2435"}],"version-history":[{"count":2,"href":"https:\/\/www.sonnia.it\/en\/wp-json\/wp\/v2\/pages\/2435\/revisions"}],"predecessor-version":[{"id":11187,"href":"https:\/\/www.sonnia.it\/en\/wp-json\/wp\/v2\/pages\/2435\/revisions\/11187"}],"wp:featuredmedia":[{"embeddable":true,"href":"https:\/\/www.sonnia.it\/en\/wp-json\/wp\/v2\/media\/11191"}],"wp:attachment":[{"href":"https:\/\/www.sonnia.it\/en\/wp-json\/wp\/v2\/media?parent=2435"}],"curies":[{"name":"wp","href":"https:\/\/api.w.org\/{rel}","templated":true}]}}