{"id":2412,"date":"2022-09-16T14:00:39","date_gmt":"2022-09-16T12:00:39","guid":{"rendered":"https:\/\/www.sonnia.it\/imprint\/"},"modified":"2025-07-28T17:57:27","modified_gmt":"2025-07-28T15:57:27","slug":"imprint","status":"publish","type":"page","link":"https:\/\/www.sonnia.it\/en\/imprint\/","title":{"rendered":"Imprint"},"content":{"rendered":"\n<h1 class=\"wp-block-heading\">IMPRINT<\/h1>\n\n<p><br\/>Responsible for the content:<\/p>\n\n<p><strong>Sonnia Dettmer<br\/><\/strong><br\/>Verdistra\u00dfe 31 B<br\/>I &#8211; 39012 Meran &#8211; Merano | S\u00fcdtirol &#8211; Italy<br\/>E-mail <a href=\"mailto:info@sonnia.it\">info@sonnia.it<br\/><\/a>P.IVA.: IT02723740219<\/p>\n\n<p><strong>Photography<\/strong> \u00a9: Denny Staschitz &#8211; Elisabeth H\u00f6lzl<br\/><strong>Additional photography<\/strong> \u00a9: Michel Mehle<br\/><strong>Concept &amp; Design<\/strong>: Sonnia Dettmer &#8211; Michel Mehle<br\/><strong>Content<\/strong> \u00a9: Michel Mehle<br\/><strong>Programming<\/strong>: webwg GmbH<\/p>\n\n<p><br\/><\/p>\n\n<p><strong>Further Services<\/strong>:<br\/>This website contains GeoLite2 data created by MaxMind, available at<br\/><a data-type=\"URL\" data-id=\"https:\/\/www.maxmind.com\" href=\"https:\/\/www.maxmind.com\">https:\/\/www.maxmind.com<\/a><\/p>\n","protected":false},"excerpt":{"rendered":"<p>IMPRINT Responsible for the content: Sonnia DettmerVerdistra\u00dfe 31 BI &#8211; 39012 Meran &#8211; Merano | S\u00fcdtirol &#8211; ItalyE-mail info@sonnia.itP.IVA.: IT02723740219 Photography \u00a9: Denny Staschitz &#8211; Elisabeth H\u00f6lzlAdditional photography \u00a9: Michel MehleConcept &amp; Design: Sonnia Dettmer &#8211; Michel MehleContent \u00a9: Michel MehleProgramming: webwg GmbH Further Services:This website contains GeoLite2 data created by MaxMind, available athttps:\/\/www.maxmind.com<\/p>\n","protected":false},"author":1,"featured_media":0,"parent":0,"menu_order":0,"comment_status":"closed","ping_status":"closed","template":"","meta":{"_uag_custom_page_level_css":"","footnotes":""},"class_list":["post-2412","page","type-page","status-publish","hentry"],"yoast_head":"<!-- This site is optimized with the Yoast SEO Premium plugin v27.4 (Yoast SEO v27.4) - https:\/\/yoast.com\/product\/yoast-seo-premium-wordpress\/ -->\n<title>Imprint - SONNIA Jewellery Design<\/title>\n<meta name=\"description\" content=\"\ud83d\udcdc Legal Notice \u2013 Find all legal information and contact details for SONNIA Jewellery Design. Transparent company details at a glance. \ud83c\udfe2\" \/>\n<meta name=\"robots\" content=\"noindex, nofollow\" \/>\n<meta property=\"og:locale\" content=\"en_US\" \/>\n<meta property=\"og:type\" content=\"article\" \/>\n<meta property=\"og:title\" content=\"Imprint - SONNIA Jewellery Design\" \/>\n<meta property=\"og:description\" content=\"\ud83d\udcdc Legal Notice \u2013 Find all legal information and contact details for SONNIA Jewellery Design. Transparent company details at a glance. \ud83c\udfe2\" \/>\n<meta property=\"og:url\" content=\"https:\/\/www.sonnia.it\/en\/imprint\/\" \/>\n<meta property=\"og:site_name\" content=\"SONNIA Jewellery Design\" \/>\n<meta property=\"article:publisher\" content=\"https:\/\/www.facebook.com\/sonnia.jewellery\" \/>\n<meta property=\"article:modified_time\" content=\"2025-07-28T15:57:27+00:00\" \/>\n<meta name=\"twitter:card\" content=\"summary_large_image\" \/>\n<meta name=\"twitter:label1\" content=\"Est. reading time\" \/>\n\t<meta name=\"twitter:data1\" content=\"1 minute\" \/>\n<script type=\"application\/ld+json\" class=\"yoast-schema-graph\">{\"@context\":\"https:\\\/\\\/schema.org\",\"@graph\":[{\"@type\":\"WebPage\",\"@id\":\"https:\\\/\\\/www.sonnia.it\\\/en\\\/imprint\\\/\",\"url\":\"https:\\\/\\\/www.sonnia.it\\\/en\\\/imprint\\\/\",\"name\":\"Imprint - SONNIA Jewellery Design\",\"isPartOf\":{\"@id\":\"https:\\\/\\\/www.sonnia.it\\\/en\\\/#website\"},\"datePublished\":\"2022-09-16T12:00:39+00:00\",\"dateModified\":\"2025-07-28T15:57:27+00:00\",\"description\":\"\ud83d\udcdc Legal Notice \u2013 Find all legal information and contact details for SONNIA Jewellery Design. Transparent company details at a glance. \ud83c\udfe2\",\"inLanguage\":\"en-US\",\"potentialAction\":[{\"@type\":\"ReadAction\",\"target\":[\"https:\\\/\\\/www.sonnia.it\\\/en\\\/imprint\\\/\"]}]},{\"@type\":\"WebSite\",\"@id\":\"https:\\\/\\\/www.sonnia.it\\\/en\\\/#website\",\"url\":\"https:\\\/\\\/www.sonnia.it\\\/en\\\/\",\"name\":\"SONNIA Jewellery Design\",\"description\":\"Edle Unikate - stilvoll individuell ausdrucksstark\",\"publisher\":{\"@id\":\"https:\\\/\\\/www.sonnia.it\\\/en\\\/#organization\"},\"alternateName\":\"Schmuckmanufaktur SONNIA\",\"potentialAction\":[{\"@type\":\"SearchAction\",\"target\":{\"@type\":\"EntryPoint\",\"urlTemplate\":\"https:\\\/\\\/www.sonnia.it\\\/en\\\/?s={search_term_string}\"},\"query-input\":{\"@type\":\"PropertyValueSpecification\",\"valueRequired\":true,\"valueName\":\"search_term_string\"}}],\"inLanguage\":\"en-US\"},{\"@type\":[\"Organization\",\"Place\",\"JewelryStore\"],\"@id\":\"https:\\\/\\\/www.sonnia.it\\\/en\\\/#organization\",\"name\":\"Sonnia Jewellery Design\",\"alternateName\":\"Schmuckmanufaktur Sonnia\",\"url\":\"https:\\\/\\\/www.sonnia.it\\\/en\\\/\",\"logo\":{\"@id\":\"https:\\\/\\\/www.sonnia.it\\\/en\\\/imprint\\\/#local-main-organization-logo\"},\"image\":{\"@id\":\"https:\\\/\\\/www.sonnia.it\\\/en\\\/imprint\\\/#local-main-organization-logo\"},\"sameAs\":[\"https:\\\/\\\/www.facebook.com\\\/sonnia.jewellery\",\"https:\\\/\\\/www.instagram.com\\\/sonnia_jewellery_design\"],\"description\":\"Sonnia ist auf hochwertigen Schmuck aus Muscheln, Korallen, Perlen und Edelsteinen spezialisiert. Die Materialien werden sorgf\u00e4ltig ausgew\u00e4hlt und verarbeitet, um zeitloses Design mit moderner Gestaltung zu verbinden. Die Marke positioniert sich im Premiumsegment und richtet sich an Kund:innen, die Authentizit\u00e4t, Exklusivit\u00e4t und nachhaltige Materialauswahl sch\u00e4tzen. Eine starke Online-Pr\u00e4senz erm\u00f6glicht den Zugang zu einem internationalen Publikum.\",\"address\":{\"@id\":\"https:\\\/\\\/www.sonnia.it\\\/en\\\/imprint\\\/#local-main-place-address\"},\"telephone\":[],\"openingHoursSpecification\":[{\"@type\":\"OpeningHoursSpecification\",\"dayOfWeek\":[\"Monday\",\"Tuesday\",\"Wednesday\",\"Thursday\",\"Friday\",\"Saturday\",\"Sunday\"],\"opens\":\"09:00\",\"closes\":\"17:00\"}]},{\"@type\":\"PostalAddress\",\"@id\":\"https:\\\/\\\/www.sonnia.it\\\/en\\\/imprint\\\/#local-main-place-address\",\"streetAddress\":\"Verdistra\u00dfe, 31\\\/B\",\"addressLocality\":\"Merano\",\"postalCode\":\"39012\",\"addressRegion\":\"Autonome Provinz Bozen - S\u00fcdtirol\",\"addressCountry\":\"IT\"},{\"@type\":\"ImageObject\",\"inLanguage\":\"en-US\",\"@id\":\"https:\\\/\\\/www.sonnia.it\\\/en\\\/imprint\\\/#local-main-organization-logo\",\"url\":\"https:\\\/\\\/www.sonnia.it\\\/wp-content\\\/uploads\\\/2025\\\/09\\\/LOGO-1.jpg\",\"contentUrl\":\"https:\\\/\\\/www.sonnia.it\\\/wp-content\\\/uploads\\\/2025\\\/09\\\/LOGO-1.jpg\",\"width\":771,\"height\":1182,\"caption\":\"Sonnia Jewellery Design\"}]}<\/script>\n<meta name=\"geo.placename\" content=\"Merano\" \/>\n<meta name=\"geo.region\" content=\"Italy\" \/>\n<!-- \/ Yoast SEO Premium plugin. -->","yoast_head_json":{"title":"Imprint - SONNIA Jewellery Design","description":"\ud83d\udcdc Legal Notice \u2013 Find all legal information and contact details for SONNIA Jewellery Design. Transparent company details at a glance. \ud83c\udfe2","robots":{"index":"noindex","follow":"nofollow"},"og_locale":"en_US","og_type":"article","og_title":"Imprint - SONNIA Jewellery Design","og_description":"\ud83d\udcdc Legal Notice \u2013 Find all legal information and contact details for SONNIA Jewellery Design. Transparent company details at a glance. \ud83c\udfe2","og_url":"https:\/\/www.sonnia.it\/en\/imprint\/","og_site_name":"SONNIA Jewellery Design","article_publisher":"https:\/\/www.facebook.com\/sonnia.jewellery","article_modified_time":"2025-07-28T15:57:27+00:00","twitter_card":"summary_large_image","twitter_misc":{"Est. reading time":"1 minute"},"schema":{"@context":"https:\/\/schema.org","@graph":[{"@type":"WebPage","@id":"https:\/\/www.sonnia.it\/en\/imprint\/","url":"https:\/\/www.sonnia.it\/en\/imprint\/","name":"Imprint - SONNIA Jewellery Design","isPartOf":{"@id":"https:\/\/www.sonnia.it\/en\/#website"},"datePublished":"2022-09-16T12:00:39+00:00","dateModified":"2025-07-28T15:57:27+00:00","description":"\ud83d\udcdc Legal Notice \u2013 Find all legal information and contact details for SONNIA Jewellery Design. Transparent company details at a glance. \ud83c\udfe2","inLanguage":"en-US","potentialAction":[{"@type":"ReadAction","target":["https:\/\/www.sonnia.it\/en\/imprint\/"]}]},{"@type":"WebSite","@id":"https:\/\/www.sonnia.it\/en\/#website","url":"https:\/\/www.sonnia.it\/en\/","name":"SONNIA Jewellery Design","description":"Edle Unikate - stilvoll individuell ausdrucksstark","publisher":{"@id":"https:\/\/www.sonnia.it\/en\/#organization"},"alternateName":"Schmuckmanufaktur SONNIA","potentialAction":[{"@type":"SearchAction","target":{"@type":"EntryPoint","urlTemplate":"https:\/\/www.sonnia.it\/en\/?s={search_term_string}"},"query-input":{"@type":"PropertyValueSpecification","valueRequired":true,"valueName":"search_term_string"}}],"inLanguage":"en-US"},{"@type":["Organization","Place","JewelryStore"],"@id":"https:\/\/www.sonnia.it\/en\/#organization","name":"Sonnia Jewellery Design","alternateName":"Schmuckmanufaktur Sonnia","url":"https:\/\/www.sonnia.it\/en\/","logo":{"@id":"https:\/\/www.sonnia.it\/en\/imprint\/#local-main-organization-logo"},"image":{"@id":"https:\/\/www.sonnia.it\/en\/imprint\/#local-main-organization-logo"},"sameAs":["https:\/\/www.facebook.com\/sonnia.jewellery","https:\/\/www.instagram.com\/sonnia_jewellery_design"],"description":"Sonnia ist auf hochwertigen Schmuck aus Muscheln, Korallen, Perlen und Edelsteinen spezialisiert. Die Materialien werden sorgf\u00e4ltig ausgew\u00e4hlt und verarbeitet, um zeitloses Design mit moderner Gestaltung zu verbinden. Die Marke positioniert sich im Premiumsegment und richtet sich an Kund:innen, die Authentizit\u00e4t, Exklusivit\u00e4t und nachhaltige Materialauswahl sch\u00e4tzen. Eine starke Online-Pr\u00e4senz erm\u00f6glicht den Zugang zu einem internationalen Publikum.","address":{"@id":"https:\/\/www.sonnia.it\/en\/imprint\/#local-main-place-address"},"telephone":[],"openingHoursSpecification":[{"@type":"OpeningHoursSpecification","dayOfWeek":["Monday","Tuesday","Wednesday","Thursday","Friday","Saturday","Sunday"],"opens":"09:00","closes":"17:00"}]},{"@type":"PostalAddress","@id":"https:\/\/www.sonnia.it\/en\/imprint\/#local-main-place-address","streetAddress":"Verdistra\u00dfe, 31\/B","addressLocality":"Merano","postalCode":"39012","addressRegion":"Autonome Provinz Bozen - S\u00fcdtirol","addressCountry":"IT"},{"@type":"ImageObject","inLanguage":"en-US","@id":"https:\/\/www.sonnia.it\/en\/imprint\/#local-main-organization-logo","url":"https:\/\/www.sonnia.it\/wp-content\/uploads\/2025\/09\/LOGO-1.jpg","contentUrl":"https:\/\/www.sonnia.it\/wp-content\/uploads\/2025\/09\/LOGO-1.jpg","width":771,"height":1182,"caption":"Sonnia Jewellery Design"}]},"geo.placename":"Merano","geo.region":"Italy"},"uagb_featured_image_src":{"full":false,"thumbnail":false,"medium":false,"medium_large":false,"large":false,"1536x1536":false,"2048x2048":false,"woocommerce_thumbnail":false,"woocommerce_single":false,"woocommerce_gallery_thumbnail":false,"variation_swatches_image_size":false,"variation_swatches_tooltip_size":false},"uagb_author_info":{"display_name":"webwg","author_link":"https:\/\/www.sonnia.it\/en\/schmuck\/design\/author\/webwg\/"},"uagb_comment_info":0,"uagb_excerpt":"IMPRINT Responsible for the content: Sonnia DettmerVerdistra\u00dfe 31 BI &#8211; 39012 Meran &#8211; Merano | S\u00fcdtirol &#8211; ItalyE-mail info@sonnia.itP.IVA.: IT02723740219 Photography \u00a9: Denny Staschitz &#8211; Elisabeth H\u00f6lzlAdditional photography \u00a9: Michel MehleConcept &amp; Design: Sonnia Dettmer &#8211; Michel MehleContent \u00a9: Michel MehleProgramming: webwg GmbH Further Services:This website contains GeoLite2 data created by MaxMind, available athttps:\/\/www.maxmind.com","_links":{"self":[{"href":"https:\/\/www.sonnia.it\/en\/wp-json\/wp\/v2\/pages\/2412","targetHints":{"allow":["GET"]}}],"collection":[{"href":"https:\/\/www.sonnia.it\/en\/wp-json\/wp\/v2\/pages"}],"about":[{"href":"https:\/\/www.sonnia.it\/en\/wp-json\/wp\/v2\/types\/page"}],"author":[{"embeddable":true,"href":"https:\/\/www.sonnia.it\/en\/wp-json\/wp\/v2\/users\/1"}],"replies":[{"embeddable":true,"href":"https:\/\/www.sonnia.it\/en\/wp-json\/wp\/v2\/comments?post=2412"}],"version-history":[{"count":0,"href":"https:\/\/www.sonnia.it\/en\/wp-json\/wp\/v2\/pages\/2412\/revisions"}],"wp:attachment":[{"href":"https:\/\/www.sonnia.it\/en\/wp-json\/wp\/v2\/media?parent=2412"}],"curies":[{"name":"wp","href":"https:\/\/api.w.org\/{rel}","templated":true}]}}