{"id":203,"date":"2022-09-12T16:43:21","date_gmt":"2022-09-12T14:43:21","guid":{"rendered":"http:\/\/www.sonnia.it\/contact\/"},"modified":"2025-07-28T18:00:26","modified_gmt":"2025-07-28T16:00:26","slug":"contact","status":"publish","type":"page","link":"https:\/\/www.sonnia.it\/en\/contact\/","title":{"rendered":"Contact"},"content":{"rendered":"\n<h1 class=\"wp-block-heading has-text-align-center\">Contact<\/h1>\n\n<div style=\"height:100px\" aria-hidden=\"true\" class=\"wp-block-spacer is-style-space-medium\"><\/div>\n\n<div class=\"wp-block-columns is-layout-flex wp-container-core-columns-is-layout-28f84493 wp-block-columns-is-layout-flex\">\n<div class=\"wp-block-column is-style-align-top is-layout-flow wp-block-column-is-layout-flow\" style=\"flex-basis:50%\">\n<h2 class=\"wp-block-heading\">SHOWROOM AND ATELIER<\/h2>\n\n\n\n<p class=\"has-text-align-left\">Sonnia Dettmer<br\/><br\/>Verdistr. 31B &#8211; Via Verdi<br\/>39012 Meran &#8211; Merano<br\/>Italy &#8211; South Tyrol<br\/><strong>&#13;\nPlease contact us for&#13;\nYour appointment under:<\/strong><\/p>\n\n\n\n<p><a href=\"tel:00390473050499\">Tel 0039 0473 050 499<\/a><br\/><a href=\"tel:00393477489095\">Mobil 0039 3477 489 095<\/a><br\/><a href=\"mailto:info@sonnia.it\" target=\"_blank\" rel=\"noreferrer noopener\">info@sonnia.it<\/a><\/p>\n\n\n\n<p>Parking space available<\/p>\n<\/div>\n\n\n\n<div class=\"wp-block-column is-style-align-top is-layout-flow wp-block-column-is-layout-flow\" style=\"flex-basis:50%\">\n<h2 class=\"wp-block-heading\">PRESS-CONTACT<\/h2>\n\n\n\n<p>Aron Uhrich<br\/><br\/>T\u00fcbingerstr. 3B<br\/>80686 MUNICH<br\/>GERMANY<br\/><br\/><a href=\"tel:+4916092172946\">Mobil 0049 (0) 160 921 729 46<\/a><br\/><a href=\"mailto:aron@aronuhrich-pr.com\">aron@aronuhrich-pr.com<\/a><\/p>\n<\/div>\n<\/div>\n\n<div style=\"height:100px\" aria-hidden=\"true\" class=\"wp-block-spacer is-style-space-medium\"><\/div>\n\n<p class=\"has-text-align-center has-medium-font-size\">This is how to find SONNIA:<\/p>\n\n<div style=\"height:100px\" aria-hidden=\"true\" class=\"wp-block-spacer is-style-space-medium\"><\/div>\n\n<div class=\"wp-block-columns are-vertically-aligned-center is-style-gap-large is-style-mobile-offboth is-layout-flex wp-container-core-columns-is-layout-28f84493 wp-block-columns-is-layout-flex\">\n<div class=\"wp-block-column is-vertically-aligned-center is-layout-flow wp-block-column-is-layout-flow\" style=\"flex-basis:33.33%\">\n<figure class=\"wp-block-image size-full\"><img decoding=\"async\" width=\"727\" height=\"1000\" src=\"http:\/\/www.sonnia.it\/wp-content\/uploads\/2022\/09\/Kontakt_mobil_B-min.jpg\" alt=\"\" class=\"wp-image-127\"\/><\/figure>\n<\/div>\n\n\n\n<div class=\"wp-block-column is-vertically-aligned-center is-style-align-middle is-layout-flow wp-block-column-is-layout-flow\" style=\"flex-basis:66.66%\">\t\t\t<div \n\t\t\tclass=\"wp-block-uagb-google-map uagb-google-map__wrap uagb-block-58d76c83     \"\n\t\t\tstyle=\"\" >\n\t\t\t\t<embed\n\t\t\t\t\tclass=\"uagb-google-map__iframe\"\n\t\t\t\t\ttitle=\"Google Map for \"\n\t\t\t\t\tsrc=\"https:\/\/maps.google.com\/maps?q=sonnia%20dettmer&#038;z=12&#038;hl=de&#038;t=m&#038;output=embed&#038;iwloc=near\"\n\t\t\t\t\twidth=\"640\"\n\t\t\t\t\theight=\"590\"\n\t\t\t\t\tloading=\"lazy\"\n\t\t\t\t><\/embed>\n\t\t\t<\/div>\n\t\t\t<\/div>\n<\/div>\n\n<div style=\"height:100px\" aria-hidden=\"true\" class=\"wp-block-spacer is-style-space-medium\"><\/div>\n\n<div style=\"height:100px\" aria-hidden=\"true\" class=\"wp-block-spacer is-style-space-medium\"><\/div>\n\n<p class=\"has-text-align-center\">Sign up for our <a href=\"https:\/\/www.sonnia.it\/en\/newsletter\/\">Newsletter<\/a>.<\/p>\n\n<p><\/p>\n","protected":false},"excerpt":{"rendered":"<p>Contact SHOWROOM AND ATELIER Sonnia Dettmer Verdistr. 31B &#8211; Via Verdi39012 Meran &#8211; MeranoItaly &#8211; South Tyrol&#13; Please contact us for&#13; Your appointment under: Tel 0039 0473 050 499Mobil 0039 3477 489 095info@sonnia.it Parking space available PRESS-CONTACT Aron Uhrich T\u00fcbingerstr. 3B80686 MUNICHGERMANY Mobil 0049 (0) 160 921 729 46aron@aronuhrich-pr.com This is how to find SONNIA: [&hellip;]<\/p>\n","protected":false},"author":1,"featured_media":6721,"parent":0,"menu_order":0,"comment_status":"closed","ping_status":"closed","template":"","meta":{"_uag_custom_page_level_css":"","footnotes":""},"class_list":["post-203","page","type-page","status-publish","has-post-thumbnail","hentry"],"yoast_head":"<!-- This site is optimized with the Yoast SEO Premium plugin v27.5 (Yoast SEO v27.5) - https:\/\/yoast.com\/product\/yoast-seo-premium-wordpress\/ -->\n<title>Contact - SONNIA Jewellery Design<\/title>\n<meta name=\"description\" content=\"\ud83d\udcde Contact SONNIA Jewellery Design - I look forward to hearing from you! \u2728 Individual advice \ud83c\udf1f I realize your desired jewelry. \ud83d\udc1a\" \/>\n<meta name=\"robots\" content=\"index, follow, max-snippet:-1, max-image-preview:large, max-video-preview:-1\" \/>\n<link rel=\"canonical\" href=\"https:\/\/www.sonnia.it\/en\/contact\/\" \/>\n<meta property=\"og:locale\" content=\"en_US\" \/>\n<meta property=\"og:type\" content=\"article\" \/>\n<meta property=\"og:title\" content=\"Contact - SONNIA Jewellery Design\" \/>\n<meta property=\"og:description\" content=\"\ud83d\udcde Contact SONNIA Jewellery Design - I look forward to hearing from you! \u2728 Individual advice \ud83c\udf1f I realize your desired jewelry. \ud83d\udc1a\" \/>\n<meta property=\"og:url\" content=\"https:\/\/www.sonnia.it\/en\/contact\/\" \/>\n<meta property=\"og:site_name\" content=\"SONNIA Jewellery Design\" \/>\n<meta property=\"article:publisher\" content=\"https:\/\/www.facebook.com\/sonnia.jewellery\" \/>\n<meta property=\"article:modified_time\" content=\"2025-07-28T16:00:26+00:00\" \/>\n<meta property=\"og:image\" content=\"https:\/\/www.sonnia.it\/wp-content\/uploads\/2025\/01\/MG_0026-2-scaled.jpg\" \/>\n\t<meta property=\"og:image:width\" content=\"2560\" \/>\n\t<meta property=\"og:image:height\" content=\"1890\" \/>\n\t<meta property=\"og:image:type\" content=\"image\/jpeg\" \/>\n<meta name=\"twitter:card\" content=\"summary_large_image\" \/>\n<meta name=\"twitter:label1\" content=\"Est. reading time\" \/>\n\t<meta name=\"twitter:data1\" content=\"1 minute\" \/>\n<script type=\"application\/ld+json\" class=\"yoast-schema-graph\">{\"@context\":\"https:\\\/\\\/schema.org\",\"@graph\":[{\"@type\":\"WebPage\",\"@id\":\"https:\\\/\\\/www.sonnia.it\\\/en\\\/contact\\\/\",\"url\":\"https:\\\/\\\/www.sonnia.it\\\/en\\\/contact\\\/\",\"name\":\"Contact - SONNIA Jewellery Design\",\"isPartOf\":{\"@id\":\"https:\\\/\\\/www.sonnia.it\\\/en\\\/#website\"},\"primaryImageOfPage\":{\"@id\":\"https:\\\/\\\/www.sonnia.it\\\/en\\\/contact\\\/#primaryimage\"},\"image\":{\"@id\":\"https:\\\/\\\/www.sonnia.it\\\/en\\\/contact\\\/#primaryimage\"},\"thumbnailUrl\":\"https:\\\/\\\/www.sonnia.it\\\/wp-content\\\/uploads\\\/2025\\\/01\\\/MG_0026-2-scaled.jpg\",\"datePublished\":\"2022-09-12T14:43:21+00:00\",\"dateModified\":\"2025-07-28T16:00:26+00:00\",\"description\":\"\ud83d\udcde Contact SONNIA Jewellery Design - I look forward to hearing from you! \u2728 Individual advice \ud83c\udf1f I realize your desired jewelry. \ud83d\udc1a\",\"inLanguage\":\"en-US\",\"potentialAction\":[{\"@type\":\"ReadAction\",\"target\":[\"https:\\\/\\\/www.sonnia.it\\\/en\\\/contact\\\/\"]}]},{\"@type\":\"ImageObject\",\"inLanguage\":\"en-US\",\"@id\":\"https:\\\/\\\/www.sonnia.it\\\/en\\\/contact\\\/#primaryimage\",\"url\":\"https:\\\/\\\/www.sonnia.it\\\/wp-content\\\/uploads\\\/2025\\\/01\\\/MG_0026-2-scaled.jpg\",\"contentUrl\":\"https:\\\/\\\/www.sonnia.it\\\/wp-content\\\/uploads\\\/2025\\\/01\\\/MG_0026-2-scaled.jpg\",\"width\":2560,\"height\":1890,\"caption\":\"Anfrage & Beratung bei SONNIA Jewellery Design\"},{\"@type\":\"WebSite\",\"@id\":\"https:\\\/\\\/www.sonnia.it\\\/en\\\/#website\",\"url\":\"https:\\\/\\\/www.sonnia.it\\\/en\\\/\",\"name\":\"SONNIA Jewellery Design\",\"description\":\"Edle Unikate - stilvoll individuell ausdrucksstark\",\"publisher\":{\"@id\":\"https:\\\/\\\/www.sonnia.it\\\/en\\\/#organization\"},\"alternateName\":\"Schmuckmanufaktur SONNIA\",\"potentialAction\":[{\"@type\":\"SearchAction\",\"target\":{\"@type\":\"EntryPoint\",\"urlTemplate\":\"https:\\\/\\\/www.sonnia.it\\\/en\\\/?s={search_term_string}\"},\"query-input\":{\"@type\":\"PropertyValueSpecification\",\"valueRequired\":true,\"valueName\":\"search_term_string\"}}],\"inLanguage\":\"en-US\"},{\"@type\":[\"Organization\",\"Place\",\"JewelryStore\"],\"@id\":\"https:\\\/\\\/www.sonnia.it\\\/en\\\/#organization\",\"name\":\"Sonnia Jewellery Design\",\"alternateName\":\"Schmuckmanufaktur Sonnia\",\"url\":\"https:\\\/\\\/www.sonnia.it\\\/en\\\/\",\"logo\":{\"@id\":\"https:\\\/\\\/www.sonnia.it\\\/en\\\/contact\\\/#local-main-organization-logo\"},\"image\":{\"@id\":\"https:\\\/\\\/www.sonnia.it\\\/en\\\/contact\\\/#local-main-organization-logo\"},\"sameAs\":[\"https:\\\/\\\/www.facebook.com\\\/sonnia.jewellery\",\"https:\\\/\\\/www.instagram.com\\\/sonnia_jewellery_design\"],\"description\":\"Sonnia ist auf hochwertigen Schmuck aus Muscheln, Korallen, Perlen und Edelsteinen spezialisiert. Die Materialien werden sorgf\u00e4ltig ausgew\u00e4hlt und verarbeitet, um zeitloses Design mit moderner Gestaltung zu verbinden. Die Marke positioniert sich im Premiumsegment und richtet sich an Kund:innen, die Authentizit\u00e4t, Exklusivit\u00e4t und nachhaltige Materialauswahl sch\u00e4tzen. Eine starke Online-Pr\u00e4senz erm\u00f6glicht den Zugang zu einem internationalen Publikum.\",\"address\":{\"@id\":\"https:\\\/\\\/www.sonnia.it\\\/en\\\/contact\\\/#local-main-place-address\"},\"telephone\":[],\"openingHoursSpecification\":[{\"@type\":\"OpeningHoursSpecification\",\"dayOfWeek\":[\"Monday\",\"Tuesday\",\"Wednesday\",\"Thursday\",\"Friday\",\"Saturday\",\"Sunday\"],\"opens\":\"09:00\",\"closes\":\"17:00\"}]},{\"@type\":\"PostalAddress\",\"@id\":\"https:\\\/\\\/www.sonnia.it\\\/en\\\/contact\\\/#local-main-place-address\",\"streetAddress\":\"Verdistra\u00dfe, 31\\\/B\",\"addressLocality\":\"Merano\",\"postalCode\":\"39012\",\"addressRegion\":\"Autonome Provinz Bozen - S\u00fcdtirol\",\"addressCountry\":\"IT\"},{\"@type\":\"ImageObject\",\"inLanguage\":\"en-US\",\"@id\":\"https:\\\/\\\/www.sonnia.it\\\/en\\\/contact\\\/#local-main-organization-logo\",\"url\":\"https:\\\/\\\/www.sonnia.it\\\/wp-content\\\/uploads\\\/2025\\\/09\\\/LOGO-1.jpg\",\"contentUrl\":\"https:\\\/\\\/www.sonnia.it\\\/wp-content\\\/uploads\\\/2025\\\/09\\\/LOGO-1.jpg\",\"width\":771,\"height\":1182,\"caption\":\"Sonnia Jewellery Design\"}]}<\/script>\n<meta name=\"geo.placename\" content=\"Merano\" \/>\n<meta name=\"geo.region\" content=\"Italy\" \/>\n<!-- \/ Yoast SEO Premium plugin. -->","yoast_head_json":{"title":"Contact - SONNIA Jewellery Design","description":"\ud83d\udcde Contact SONNIA Jewellery Design - I look forward to hearing from you! \u2728 Individual advice \ud83c\udf1f I realize your desired jewelry. \ud83d\udc1a","robots":{"index":"index","follow":"follow","max-snippet":"max-snippet:-1","max-image-preview":"max-image-preview:large","max-video-preview":"max-video-preview:-1"},"canonical":"https:\/\/www.sonnia.it\/en\/contact\/","og_locale":"en_US","og_type":"article","og_title":"Contact - SONNIA Jewellery Design","og_description":"\ud83d\udcde Contact SONNIA Jewellery Design - I look forward to hearing from you! \u2728 Individual advice \ud83c\udf1f I realize your desired jewelry. \ud83d\udc1a","og_url":"https:\/\/www.sonnia.it\/en\/contact\/","og_site_name":"SONNIA Jewellery Design","article_publisher":"https:\/\/www.facebook.com\/sonnia.jewellery","article_modified_time":"2025-07-28T16:00:26+00:00","og_image":[{"width":2560,"height":1890,"url":"https:\/\/www.sonnia.it\/wp-content\/uploads\/2025\/01\/MG_0026-2-scaled.jpg","type":"image\/jpeg"}],"twitter_card":"summary_large_image","twitter_misc":{"Est. reading time":"1 minute"},"schema":{"@context":"https:\/\/schema.org","@graph":[{"@type":"WebPage","@id":"https:\/\/www.sonnia.it\/en\/contact\/","url":"https:\/\/www.sonnia.it\/en\/contact\/","name":"Contact - SONNIA Jewellery Design","isPartOf":{"@id":"https:\/\/www.sonnia.it\/en\/#website"},"primaryImageOfPage":{"@id":"https:\/\/www.sonnia.it\/en\/contact\/#primaryimage"},"image":{"@id":"https:\/\/www.sonnia.it\/en\/contact\/#primaryimage"},"thumbnailUrl":"https:\/\/www.sonnia.it\/wp-content\/uploads\/2025\/01\/MG_0026-2-scaled.jpg","datePublished":"2022-09-12T14:43:21+00:00","dateModified":"2025-07-28T16:00:26+00:00","description":"\ud83d\udcde Contact SONNIA Jewellery Design - I look forward to hearing from you! \u2728 Individual advice \ud83c\udf1f I realize your desired jewelry. \ud83d\udc1a","inLanguage":"en-US","potentialAction":[{"@type":"ReadAction","target":["https:\/\/www.sonnia.it\/en\/contact\/"]}]},{"@type":"ImageObject","inLanguage":"en-US","@id":"https:\/\/www.sonnia.it\/en\/contact\/#primaryimage","url":"https:\/\/www.sonnia.it\/wp-content\/uploads\/2025\/01\/MG_0026-2-scaled.jpg","contentUrl":"https:\/\/www.sonnia.it\/wp-content\/uploads\/2025\/01\/MG_0026-2-scaled.jpg","width":2560,"height":1890,"caption":"Anfrage & Beratung bei SONNIA Jewellery Design"},{"@type":"WebSite","@id":"https:\/\/www.sonnia.it\/en\/#website","url":"https:\/\/www.sonnia.it\/en\/","name":"SONNIA Jewellery Design","description":"Edle Unikate - stilvoll individuell ausdrucksstark","publisher":{"@id":"https:\/\/www.sonnia.it\/en\/#organization"},"alternateName":"Schmuckmanufaktur SONNIA","potentialAction":[{"@type":"SearchAction","target":{"@type":"EntryPoint","urlTemplate":"https:\/\/www.sonnia.it\/en\/?s={search_term_string}"},"query-input":{"@type":"PropertyValueSpecification","valueRequired":true,"valueName":"search_term_string"}}],"inLanguage":"en-US"},{"@type":["Organization","Place","JewelryStore"],"@id":"https:\/\/www.sonnia.it\/en\/#organization","name":"Sonnia Jewellery Design","alternateName":"Schmuckmanufaktur Sonnia","url":"https:\/\/www.sonnia.it\/en\/","logo":{"@id":"https:\/\/www.sonnia.it\/en\/contact\/#local-main-organization-logo"},"image":{"@id":"https:\/\/www.sonnia.it\/en\/contact\/#local-main-organization-logo"},"sameAs":["https:\/\/www.facebook.com\/sonnia.jewellery","https:\/\/www.instagram.com\/sonnia_jewellery_design"],"description":"Sonnia ist auf hochwertigen Schmuck aus Muscheln, Korallen, Perlen und Edelsteinen spezialisiert. Die Materialien werden sorgf\u00e4ltig ausgew\u00e4hlt und verarbeitet, um zeitloses Design mit moderner Gestaltung zu verbinden. Die Marke positioniert sich im Premiumsegment und richtet sich an Kund:innen, die Authentizit\u00e4t, Exklusivit\u00e4t und nachhaltige Materialauswahl sch\u00e4tzen. Eine starke Online-Pr\u00e4senz erm\u00f6glicht den Zugang zu einem internationalen Publikum.","address":{"@id":"https:\/\/www.sonnia.it\/en\/contact\/#local-main-place-address"},"telephone":[],"openingHoursSpecification":[{"@type":"OpeningHoursSpecification","dayOfWeek":["Monday","Tuesday","Wednesday","Thursday","Friday","Saturday","Sunday"],"opens":"09:00","closes":"17:00"}]},{"@type":"PostalAddress","@id":"https:\/\/www.sonnia.it\/en\/contact\/#local-main-place-address","streetAddress":"Verdistra\u00dfe, 31\/B","addressLocality":"Merano","postalCode":"39012","addressRegion":"Autonome Provinz Bozen - S\u00fcdtirol","addressCountry":"IT"},{"@type":"ImageObject","inLanguage":"en-US","@id":"https:\/\/www.sonnia.it\/en\/contact\/#local-main-organization-logo","url":"https:\/\/www.sonnia.it\/wp-content\/uploads\/2025\/09\/LOGO-1.jpg","contentUrl":"https:\/\/www.sonnia.it\/wp-content\/uploads\/2025\/09\/LOGO-1.jpg","width":771,"height":1182,"caption":"Sonnia Jewellery Design"}]},"geo.placename":"Merano","geo.region":"Italy"},"uagb_featured_image_src":{"full":["https:\/\/www.sonnia.it\/wp-content\/uploads\/2025\/01\/MG_0026-2-scaled.jpg",2560,1890,false],"thumbnail":["https:\/\/www.sonnia.it\/wp-content\/uploads\/2025\/01\/MG_0026-2-200x200.jpg",200,200,true],"medium":["https:\/\/www.sonnia.it\/wp-content\/uploads\/2025\/01\/MG_0026-2-1024x756.jpg",1024,756,true],"medium_large":["https:\/\/www.sonnia.it\/wp-content\/uploads\/2025\/01\/MG_0026-2-768x567.jpg",768,567,true],"large":["https:\/\/www.sonnia.it\/wp-content\/uploads\/2025\/01\/MG_0026-2-1920x1418.jpg",980,724,true],"1536x1536":["https:\/\/www.sonnia.it\/wp-content\/uploads\/2025\/01\/MG_0026-2-1536x1134.jpg",1536,1134,true],"2048x2048":["https:\/\/www.sonnia.it\/wp-content\/uploads\/2025\/01\/MG_0026-2-2048x1512.jpg",2048,1512,true],"woocommerce_thumbnail":["https:\/\/www.sonnia.it\/wp-content\/uploads\/2025\/01\/MG_0026-2-scaled-1024x756.jpg",1024,756,true],"woocommerce_single":["https:\/\/www.sonnia.it\/wp-content\/uploads\/2025\/01\/MG_0026-2-scaled-1200x886.jpg",1200,886,true],"woocommerce_gallery_thumbnail":["https:\/\/www.sonnia.it\/wp-content\/uploads\/2025\/01\/MG_0026-2-scaled-100x100.jpg",100,100,true],"variation_swatches_image_size":["https:\/\/www.sonnia.it\/wp-content\/uploads\/2025\/01\/MG_0026-2-scaled.jpg",50,37,false],"variation_swatches_tooltip_size":["https:\/\/www.sonnia.it\/wp-content\/uploads\/2025\/01\/MG_0026-2-scaled.jpg",100,74,false]},"uagb_author_info":{"display_name":"webwg","author_link":"https:\/\/www.sonnia.it\/en\/schmuck\/design\/author\/webwg\/"},"uagb_comment_info":0,"uagb_excerpt":"Contact SHOWROOM AND ATELIER Sonnia Dettmer Verdistr. 31B &#8211; Via Verdi39012 Meran &#8211; MeranoItaly &#8211; South Tyrol&#13; Please contact us for&#13; Your appointment under: Tel 0039 0473 050 499Mobil 0039 3477 489 095info@sonnia.it Parking space available PRESS-CONTACT Aron Uhrich T\u00fcbingerstr. 3B80686 MUNICHGERMANY Mobil 0049 (0) 160 921 729 46aron@aronuhrich-pr.com This is how to find SONNIA:&hellip;","_links":{"self":[{"href":"https:\/\/www.sonnia.it\/en\/wp-json\/wp\/v2\/pages\/203","targetHints":{"allow":["GET"]}}],"collection":[{"href":"https:\/\/www.sonnia.it\/en\/wp-json\/wp\/v2\/pages"}],"about":[{"href":"https:\/\/www.sonnia.it\/en\/wp-json\/wp\/v2\/types\/page"}],"author":[{"embeddable":true,"href":"https:\/\/www.sonnia.it\/en\/wp-json\/wp\/v2\/users\/1"}],"replies":[{"embeddable":true,"href":"https:\/\/www.sonnia.it\/en\/wp-json\/wp\/v2\/comments?post=203"}],"version-history":[{"count":0,"href":"https:\/\/www.sonnia.it\/en\/wp-json\/wp\/v2\/pages\/203\/revisions"}],"wp:featuredmedia":[{"embeddable":true,"href":"https:\/\/www.sonnia.it\/en\/wp-json\/wp\/v2\/media\/6721"}],"wp:attachment":[{"href":"https:\/\/www.sonnia.it\/en\/wp-json\/wp\/v2\/media?parent=203"}],"curies":[{"name":"wp","href":"https:\/\/api.w.org\/{rel}","templated":true}]}}